{"id":271250,"date":"2023-03-10T14:10:08","date_gmt":"2023-03-10T13:10:08","guid":{"rendered":"https:\/\/merkin-voelker.com\/uslugi\/geodezja\/"},"modified":"2023-03-10T14:10:09","modified_gmt":"2023-03-10T13:10:09","slug":"geodezja","status":"publish","type":"page","link":"https:\/\/www.merkin-voelker.com\/pl\/uslugi\/geodezja\/","title":{"rendered":"Geodezja"},"content":{"rendered":"<p>[et_pb_section fb_built=&#8221;1&#8243; custom_padding_last_edited=&#8221;on|phone&#8221; module_class=&#8221;leistungen-overlay dtb-mobile-parallax&#8221; _builder_version=&#8221;4.16&#8243; background_color=&#8221;rgba(0,45,64,0.5)&#8221; background_image=&#8221;https:\/\/www.merkin-voelker.com\/wp-content\/uploads\/2020\/07\/Vermessung.jpg&#8221; parallax=&#8221;on&#8221; parallax_method=&#8221;off&#8221; custom_padding=&#8221;135px||112px|||&#8221; custom_padding_tablet=&#8221;&#8221; custom_padding_phone=&#8221;70px||70px||true|false&#8221; background_last_edited=&#8221;on|tablet&#8221; parallax_method_tablet=&#8221;on&#8221; global_colors_info=&#8221;{}&#8221;][et_pb_row _builder_version=&#8221;4.16&#8243; width=&#8221;100%&#8221; width_tablet=&#8221;90%&#8221; width_phone=&#8221;&#8221; width_last_edited=&#8221;on|phone&#8221; max_width=&#8221;none&#8221; max_width_tablet=&#8221;100%&#8221; max_width_phone=&#8221;&#8221; max_width_last_edited=&#8221;on|tablet&#8221; custom_margin=&#8221;|auto|-20px|auto||&#8221; custom_padding=&#8221;||16px|||&#8221; global_colors_info=&#8221;{}&#8221;][et_pb_column type=&#8221;4_4&#8243; _builder_version=&#8221;4.16&#8243; global_colors_info=&#8221;{}&#8221;][et_pb_text content_phone=&#8221;<\/p>\n<h1>Odwadnianie osad\u00f3w<\/h1>\n<p>&#8221; content_last_edited=&#8221;off|desktop&#8221; _builder_version=&#8221;4.16&#8243; header_font=&#8221;Open Sans Reg|||on|||||&#8221; header_text_color=&#8221;#ffffff&#8221; header_font_size=&#8221;36px&#8221; header_letter_spacing=&#8221;2px&#8221; animation_style=&#8221;slide&#8221; animation_direction=&#8221;top&#8221; animation_duration=&#8221;2000ms&#8221; animation_delay=&#8221;100ms&#8221; header_font_size_tablet=&#8221;&#8221; header_font_size_phone=&#8221;30px&#8221; header_font_size_last_edited=&#8221;on|phone&#8221; header_letter_spacing_tablet=&#8221;&#8221; header_letter_spacing_phone=&#8221;1px&#8221; header_letter_spacing_last_edited=&#8221;on|phone&#8221; header_line_height_tablet=&#8221;&#8221; header_line_height_phone=&#8221;1.4em&#8221; header_line_height_last_edited=&#8221;on|phone&#8221; global_colors_info=&#8221;{}&#8221;]<\/p>\n<h1 style=\"text-align: center\">Geodezja<\/h1>\n<p>[\/et_pb_text][et_pb_divider color=&#8221;#009ee0&#8243; divider_weight=&#8221;6px&#8221; _builder_version=&#8221;4.16&#8243; width=&#8221;7%&#8221; module_alignment=&#8221;center&#8221; animation_style=&#8221;slide&#8221; animation_direction=&#8221;bottom&#8221; animation_duration=&#8221;2000ms&#8221; animation_delay=&#8221;550ms&#8221; global_colors_info=&#8221;{}&#8221;][\/et_pb_divider][\/et_pb_column][\/et_pb_row][\/et_pb_section][et_pb_section fb_built=&#8221;1&#8243; specialty=&#8221;on&#8221; custom_padding_last_edited=&#8221;on|tablet&#8221; _builder_version=&#8221;4.16&#8243; background_color=&#8221;rgba(244,244,244,0)&#8221; inner_width_tablet=&#8221;90%&#8221; inner_width_phone=&#8221;&#8221; inner_width_last_edited=&#8221;on|tablet&#8221; custom_margin=&#8221;||||false|false&#8221; custom_margin_tablet=&#8221;||-20px||false|false&#8221; custom_margin_last_edited=&#8221;off|desktop&#8221; custom_padding_tablet=&#8221;||0px||false|false&#8221; custom_padding_phone=&#8221;&#8221; global_colors_info=&#8221;{}&#8221;][et_pb_column type=&#8221;1_4&#8243; _builder_version=&#8221;4.16&#8243; custom_padding=&#8221;|||&#8221; global_colors_info=&#8221;{}&#8221; custom_padding__hover=&#8221;|||&#8221;][et_pb_sidebar area=&#8221;et_pb_widget_area_1&#8243; disabled_on=&#8221;on|on|off&#8221; _builder_version=&#8221;4.16&#8243; background_color=&#8221;#f4f4f4&#8243; width=&#8221;120%&#8221; custom_margin=&#8221;|||-90px|false|false&#8221; custom_padding=&#8221;20px|20px||20px|false|true&#8221; global_colors_info=&#8221;{}&#8221;][\/et_pb_sidebar][et_pb_blurb title=&#8221;Kontakt&#8221; use_icon=&#8221;on&#8221; font_icon=&#8221;&#xe010;||divi||400&#8243; icon_color=&#8221;#009ee0&#8243; image_icon_width=&#8221;48px&#8221; icon_alignment=&#8221;left&#8221; disabled_on=&#8221;on|on|off&#8221; _builder_version=&#8221;4.17.6&#8243; header_font=&#8221;Open Sans Reg|||on|||||&#8221; header_font_size=&#8221;17px&#8221; header_letter_spacing=&#8221;2px&#8221; header_line_height=&#8221;1.5em&#8221; body_font=&#8221;||||||||&#8221; body_font_size=&#8221;13px&#8221; body_link_text_color=&#8221;#5b5b5b&#8221; background_color=&#8221;#f4f4f4&#8243; width=&#8221;120%&#8221; custom_margin=&#8221;|||-90px|false|false&#8221; custom_padding=&#8221;20px|20px|20px|20px|false|false&#8221; icon_font_size=&#8221;48px&#8221; global_colors_info=&#8221;{}&#8221;]<\/p>\n<p><span><br \/>\n  <strong>Biuro projektowe Merkin &amp; V\u00f6lker GmbH<br \/><\/strong><br \/>\n<\/span><span>Sch\u00e4ufeleinstra\u00dfe 5<\/span><br \/><span>80687 Monachium<\/span><\/p>\n<p><span>Tel: +49 (0)89 599 76 46-0<br \/><\/span><span>Mail: <a href=\"mailto:info@schaefer-merkin.com\">info@merkin-voelker.com<\/a><\/span><\/p>\n<p>Do <a href=\"\/?page_id=15\">formularza kontaktowego<\/a><\/p>\n<p>[\/et_pb_blurb][\/et_pb_column][et_pb_column type=&#8221;3_4&#8243; specialty_columns=&#8221;3&#8243; _builder_version=&#8221;4.16&#8243; custom_padding=&#8221;|||&#8221; global_colors_info=&#8221;{}&#8221; custom_padding__hover=&#8221;|||&#8221;][et_pb_row_inner _builder_version=&#8221;4.16&#8243; width=&#8221;110%&#8221; width_tablet=&#8221;90%&#8221; width_phone=&#8221;100%&#8221; width_last_edited=&#8221;on|phone&#8221; max_width_tablet=&#8221;100%&#8221; max_width_phone=&#8221;&#8221; max_width_last_edited=&#8221;on|tablet&#8221; custom_margin_tablet=&#8221;&#8221; custom_margin_phone=&#8221;-50px||||false|false&#8221; custom_margin_last_edited=&#8221;on|phone&#8221; custom_padding=&#8221;||15px|||&#8221; global_colors_info=&#8221;{}&#8221;][et_pb_column_inner saved_specialty_column_type=&#8221;3_4&#8243; _builder_version=&#8221;4.16&#8243; global_colors_info=&#8221;{}&#8221;][et_pb_text content_phone=&#8221;<\/p>\n<h2>Gospodarka wodna w miastach\/odwadnianie miast<\/h2>\n<p>&#8221; content_last_edited=&#8221;off|phone&#8221; _builder_version=&#8221;4.16&#8243; header_2_font=&#8221;Open Sans bold||||||||&#8221; header_2_text_color=&#8221;#565656&#8243; header_2_font_size=&#8221;58px&#8221; header_2_letter_spacing=&#8221;-1px&#8221; header_2_line_height=&#8221;1.2em&#8221; custom_margin=&#8221;||13px|||&#8221; header_2_font_size_tablet=&#8221;40px&#8221; header_2_font_size_phone=&#8221;27px&#8221; header_2_font_size_last_edited=&#8221;on|tablet&#8221; global_colors_info=&#8221;{}&#8221;]<\/p>\n<h2>Geodezja<\/h2>\n<p>[\/et_pb_text][et_pb_divider color=&#8221;#009ee0&#8243; divider_weight=&#8221;7px&#8221; _builder_version=&#8221;4.16&#8243; width=&#8221;18%&#8221; module_alignment=&#8221;left&#8221; custom_padding=&#8221;10px||10px||true|false&#8221; global_colors_info=&#8221;{}&#8221;][\/et_pb_divider][\/et_pb_column_inner][\/et_pb_row_inner][et_pb_row_inner _builder_version=&#8221;4.16&#8243; width=&#8221;110%&#8221; width_tablet=&#8221;90%&#8221; width_phone=&#8221;100%&#8221; width_last_edited=&#8221;on|phone&#8221; max_width_tablet=&#8221;100%&#8221; max_width_phone=&#8221;&#8221; max_width_last_edited=&#8221;on|tablet&#8221; custom_padding=&#8221;2px|||||&#8221; global_colors_info=&#8221;{}&#8221;][et_pb_column_inner saved_specialty_column_type=&#8221;3_4&#8243; _builder_version=&#8221;4.16&#8243; global_colors_info=&#8221;{}&#8221;][et_pb_text _builder_version=&#8221;4.16&#8243; text_font=&#8221;Open Sans Reg||||||||&#8221; text_text_color=&#8221;#7c7c7c&#8221; text_font_size=&#8221;15px&#8221; text_line_height=&#8221;2em&#8221; link_text_color=&#8221;#7c7c7c&#8221; header_2_font=&#8221;Open Sans Semi Bold||||||||&#8221; header_2_text_color=&#8221;#6d6d6d&#8221; header_2_font_size=&#8221;33px&#8221; header_2_line_height=&#8221;1.5em&#8221; header_3_font=&#8221;Open Sans Semi Bold||||||||&#8221; header_3_text_color=&#8221;#6d6d6d&#8221; header_3_line_height=&#8221;1.5em&#8221; header_2_font_size_tablet=&#8221;29px&#8221; header_2_font_size_phone=&#8221;23px&#8221; header_2_font_size_last_edited=&#8221;on|tablet&#8221; header_2_line_height_tablet=&#8221;&#8221; header_2_line_height_phone=&#8221;1.3em&#8221; header_2_line_height_last_edited=&#8221;on|phone&#8221; header_3_font_size_tablet=&#8221;&#8221; header_3_font_size_phone=&#8221;20px&#8221; header_3_font_size_last_edited=&#8221;on|phone&#8221; global_colors_info=&#8221;{}&#8221;]<\/p>\n<h2>Inwentaryzacje jako podstawa ka\u017cdego projektu budowlanego<\/h2>\n<p><span>Nasze biuro partnerskie &#8211; Ingenieurb\u00fcro V\u00f6lker &#8211; odpowiada za g\u0142\u00f3wny temat, jakim jest geodezja.<\/span>  Pomiar powykonawczy lub pomiar terenu stanowi dok\u0142adn\u0105 podstaw\u0119 ka\u017cdego planowania i zwi\u0119ksza niezawodno\u015b\u0107 planowania. Dokumentujemy Pa\u0144stwa pierwotny teren za pomoc\u0105 wysokiej jako\u015bci pomiar\u00f3w przy u\u017cyciu precyzyjnego i innowacyjnego sprz\u0119tu geodezyjnego. Podczas budowy tyczymy konstrukcje i trasy, a tak\u017ce wycinamy odcinki.<\/p>\n<h3>Pomiary powykonawcze i terenowe w celu okre\u015blenia topografii<\/h3>\n<p>Jako <a href=\"\/\">biuro in\u017cynierskie dla Norymbergi i regionu<\/a> przygotowujemy pomiary powykonawcze i terenowe dla cel\u00f3w planowania przestrzennego, pomiar\u00f3w budowy dr\u00f3g oraz wykonujemy pomiary katastralne ruroci\u0105g\u00f3w w zakresie zaopatrzenia w wod\u0119 i odprowadzania \u015bciek\u00f3w. W trakcie przygotowania opracowania tworzymy cyfrowe modele terenu i przetwarzamy bazy w systemie informacji geograficznej (GIS).<\/p>\n<p>Na podstawie pomiaru powykonawczego i zwi\u0105zanej z nim oceny mo\u017cna ju\u017c w fazie projektowania wiarygodnie obliczy\u0107 masy i koszty. Na podstawie badania mo\u017cna opracowa\u0107 plany w taki spos\u00f3b, \u017ce po dok\u0142adnym tyczeniu nast\u0119puje realizacja zgodnie z planem.<\/p>\n<p>[\/et_pb_text][\/et_pb_column_inner][\/et_pb_row_inner][et_pb_row_inner column_structure=&#8221;1_2,1_2&#8243; use_custom_gutter=&#8221;on&#8221; gutter_width=&#8221;2&#8243; custom_padding_last_edited=&#8221;on|tablet&#8221; module_class=&#8221;tablet-two-cols&#8221; _builder_version=&#8221;4.16&#8243; width=&#8221;110%&#8221; width_tablet=&#8221;90%&#8221; width_phone=&#8221;100%&#8221; width_last_edited=&#8221;on|phone&#8221; max_width_tablet=&#8221;100%&#8221; max_width_phone=&#8221;&#8221; max_width_last_edited=&#8221;on|tablet&#8221; custom_margin_tablet=&#8221;||0px||false|false&#8221; custom_margin_phone=&#8221;&#8221; custom_margin_last_edited=&#8221;on|tablet&#8221; custom_padding_tablet=&#8221;||0px||false|false&#8221; custom_padding_phone=&#8221;||20px||false|false&#8221; global_colors_info=&#8221;{}&#8221;][et_pb_column_inner type=&#8221;1_2&#8243; saved_specialty_column_type=&#8221;3_4&#8243; _builder_version=&#8221;4.16&#8243; global_colors_info=&#8221;{}&#8221;][et_pb_image src=&#8221;https:\/\/www.merkin-voelker.com\/wp-content\/uploads\/2020\/06\/Vermessung-Lageplan.jpg&#8221; alt=&#8221;Geodezyjny plan zagospodarowania terenu&#8221; title_text=&#8221;Geodezyjny plan zagospodarowania terenu&#8221; _builder_version=&#8221;4.16&#8243; global_colors_info=&#8221;{}&#8221;][\/et_pb_image][\/et_pb_column_inner][et_pb_column_inner type=&#8221;1_2&#8243; saved_specialty_column_type=&#8221;3_4&#8243; _builder_version=&#8221;4.16&#8243; global_colors_info=&#8221;{}&#8221;][et_pb_image src=&#8221;https:\/\/www.merkin-voelker.com\/wp-content\/uploads\/2020\/07\/Vermessung-Lageplan.jpg&#8221; alt=&#8221;Biuro in\u017cynierii geodezyjnej&#8221; title_text=&#8221;Geodezja&#8221; _builder_version=&#8221;4.16&#8243; global_colors_info=&#8221;{}&#8221;][\/et_pb_image][\/et_pb_column_inner][\/et_pb_row_inner][et_pb_row_inner _builder_version=&#8221;4.16&#8243; width=&#8221;110%&#8221; width_tablet=&#8221;90%&#8221; width_phone=&#8221;100%&#8221; width_last_edited=&#8221;on|phone&#8221; max_width_tablet=&#8221;100%&#8221; max_width_phone=&#8221;&#8221; max_width_last_edited=&#8221;on|tablet&#8221; custom_margin=&#8221;20px||||false|false&#8221; custom_padding=&#8221;2px|||||&#8221; global_colors_info=&#8221;{}&#8221;][et_pb_column_inner saved_specialty_column_type=&#8221;3_4&#8243; _builder_version=&#8221;4.16&#8243; global_colors_info=&#8221;{}&#8221;][et_pb_text _builder_version=&#8221;4.16&#8243; text_font=&#8221;Open Sans Reg||||||||&#8221; text_text_color=&#8221;#7c7c7c&#8221; text_font_size=&#8221;15px&#8221; text_line_height=&#8221;2em&#8221; header_2_font=&#8221;Open Sans Semi Bold||||||||&#8221; header_2_text_color=&#8221;#6d6d6d&#8221; header_2_font_size=&#8221;33px&#8221; header_2_line_height=&#8221;1.5em&#8221; header_3_font=&#8221;Open Sans Semi Bold||||||||&#8221; header_3_text_color=&#8221;#6d6d6d&#8221; header_3_line_height=&#8221;1.5em&#8221; header_2_font_size_tablet=&#8221;29px&#8221; header_2_font_size_phone=&#8221;23px&#8221; header_2_font_size_last_edited=&#8221;on|tablet&#8221; header_2_line_height_tablet=&#8221;&#8221; header_2_line_height_phone=&#8221;1.3em&#8221; header_2_line_height_last_edited=&#8221;on|phone&#8221; header_3_font_size_tablet=&#8221;&#8221; header_3_font_size_phone=&#8221;20px&#8221; header_3_font_size_last_edited=&#8221;on|phone&#8221; global_colors_info=&#8221;{}&#8221;]<\/p>\n<h3><span>Wysokoprecyzyjny sprz\u0119t geodezyjny do tworzenia wymownych modeli terenu<\/span> <\/h3>\n<p>Za pomoc\u0105 wysokiej jako\u015bci i najnowocze\u015bniejszego sprz\u0119tu geodezyjnego, takiego jak tachimetr elektroniczny i satelitarny \u0142azik GPS, zbieramy dane z form terenu w zakresie ich po\u0142o\u017cenia i wysoko\u015bci &#8211; dok\u0142adnie i szczeg\u00f3\u0142owo.<\/p>\n<p>[\/et_pb_text][\/et_pb_column_inner][\/et_pb_row_inner][et_pb_row_inner column_structure=&#8221;1_2,1_2&#8243; use_custom_gutter=&#8221;on&#8221; gutter_width=&#8221;2&#8243; custom_padding_last_edited=&#8221;on|tablet&#8221; module_class=&#8221;tablet-two-cols&#8221; _builder_version=&#8221;4.16&#8243; width=&#8221;110%&#8221; width_tablet=&#8221;90%&#8221; width_phone=&#8221;100%&#8221; width_last_edited=&#8221;on|phone&#8221; max_width_tablet=&#8221;100%&#8221; max_width_phone=&#8221;&#8221; max_width_last_edited=&#8221;on|tablet&#8221; custom_padding_tablet=&#8221;||0px||false|false&#8221; custom_padding_phone=&#8221;||20px||false|false&#8221; global_colors_info=&#8221;{}&#8221;][et_pb_column_inner type=&#8221;1_2&#8243; saved_specialty_column_type=&#8221;3_4&#8243; _builder_version=&#8221;4.16&#8243; global_colors_info=&#8221;{}&#8221;][et_pb_image src=&#8221;https:\/\/www.merkin-voelker.com\/wp-content\/uploads\/2020\/06\/Vermessung-Ingenieurb\u00fcro.jpg&#8221; alt=&#8221;Biuro in\u017cynierii geodezyjnej&#8221; title_text=&#8221;Biuro in\u017cynierii geodezyjnej&#8221; _builder_version=&#8221;4.16&#8243; global_colors_info=&#8221;{}&#8221;][\/et_pb_image][\/et_pb_column_inner][et_pb_column_inner type=&#8221;1_2&#8243; saved_specialty_column_type=&#8221;3_4&#8243; _builder_version=&#8221;4.16&#8243; global_colors_info=&#8221;{}&#8221;][et_pb_image src=&#8221;https:\/\/www.merkin-voelker.com\/wp-content\/uploads\/2020\/06\/Vermessungsplan-Kl\u00e4ranlage.jpg&#8221; alt=&#8221;Plan badania  &#8221; title_text=&#8221;Plan bada\u0144 oczyszczalni \u015bciek\u00f3w&#8221; _builder_version=&#8221;4.16&#8243; global_colors_info=&#8221;{}&#8221;][\/et_pb_image][\/et_pb_column_inner][\/et_pb_row_inner][\/et_pb_column][\/et_pb_section]<\/p>\n","protected":false},"excerpt":{"rendered":"<p>Geodezja Biuro projektowe Merkin &amp; V\u00f6lker GmbH Sch\u00e4ufeleinstra\u00dfe 580687 Monachium Tel: +49 (0)89 599 76 46-0Mail: info@merkin-voelker.com Do formularza kontaktowegoGeodezjaInwentaryzacje jako podstawa ka\u017cdego projektu budowlanego Nasze biuro partnerskie &#8211; Ingenieurb\u00fcro V\u00f6lker &#8211; odpowiada za g\u0142\u00f3wny temat, jakim jest geodezja. Pomiar powykonawczy lub pomiar terenu stanowi dok\u0142adn\u0105 podstaw\u0119 ka\u017cdego planowania i zwi\u0119ksza niezawodno\u015b\u0107 planowania. Dokumentujemy Pa\u0144stwa pierwotny teren za pomoc\u0105 wysokiej jako\u015bci pomiar\u00f3w przy u\u017cyciu precyzyjnego i innowacyjnego sprz\u0119tu geodezyjnego. Podczas budowy tyczymy konstrukcje i trasy, a tak\u017ce wycinamy odcinki. Pomiary powykonawcze i terenowe w celu okre\u015blenia topografii Jako biuro in\u017cynierskie dla Norymbergi i regionu przygotowujemy pomiary powykonawcze i terenowe dla cel\u00f3w planowania przestrzennego, pomiar\u00f3w budowy dr\u00f3g oraz wykonujemy pomiary katastralne ruroci\u0105g\u00f3w w zakresie zaopatrzenia w wod\u0119 i odprowadzania \u015bciek\u00f3w. W trakcie przygotowania opracowania tworzymy cyfrowe modele terenu i przetwarzamy bazy w systemie informacji geograficznej (GIS). Na podstawie pomiaru powykonawczego i zwi\u0105zanej z nim oceny mo\u017cna ju\u017c w fazie projektowania wiarygodnie obliczy\u0107 masy i koszty. Na podstawie badania mo\u017cna opracowa\u0107 plany w taki spos\u00f3b, \u017ce po dok\u0142adnym tyczeniu nast\u0119puje realizacja zgodnie z planem.Wysokoprecyzyjny sprz\u0119t geodezyjny do tworzenia wymownych modeli terenu Za pomoc\u0105 wysokiej jako\u015bci i najnowocze\u015bniejszego sprz\u0119tu geodezyjnego, takiego jak tachimetr elektroniczny i satelitarny \u0142azik GPS, zbieramy dane z form terenu [&hellip;]<\/p>\n","protected":false},"author":1,"featured_media":0,"parent":271146,"menu_order":0,"comment_status":"closed","ping_status":"closed","template":"","meta":{"_et_pb_use_builder":"on","_et_pb_old_content":"<!-- wp:divi\/placeholder \/-->","_et_gb_content_width":"","footnotes":""},"class_list":["post-271250","page","type-page","status-publish","hentry"],"_links":{"self":[{"href":"https:\/\/www.merkin-voelker.com\/pl\/wp-json\/wp\/v2\/pages\/271250","targetHints":{"allow":["GET"]}}],"collection":[{"href":"https:\/\/www.merkin-voelker.com\/pl\/wp-json\/wp\/v2\/pages"}],"about":[{"href":"https:\/\/www.merkin-voelker.com\/pl\/wp-json\/wp\/v2\/types\/page"}],"author":[{"embeddable":true,"href":"https:\/\/www.merkin-voelker.com\/pl\/wp-json\/wp\/v2\/users\/1"}],"replies":[{"embeddable":true,"href":"https:\/\/www.merkin-voelker.com\/pl\/wp-json\/wp\/v2\/comments?post=271250"}],"version-history":[{"count":0,"href":"https:\/\/www.merkin-voelker.com\/pl\/wp-json\/wp\/v2\/pages\/271250\/revisions"}],"up":[{"embeddable":true,"href":"https:\/\/www.merkin-voelker.com\/pl\/wp-json\/wp\/v2\/pages\/271146"}],"wp:attachment":[{"href":"https:\/\/www.merkin-voelker.com\/pl\/wp-json\/wp\/v2\/media?parent=271250"}],"curies":[{"name":"wp","href":"https:\/\/api.w.org\/{rel}","templated":true}]}}