{"id":271180,"date":"2023-03-10T11:28:00","date_gmt":"2023-03-10T10:28:00","guid":{"rendered":"https:\/\/merkin-voelker.com\/uslugi\/siwa\/"},"modified":"2023-03-10T11:28:01","modified_gmt":"2023-03-10T10:28:01","slug":"siwa","status":"publish","type":"page","link":"https:\/\/www.merkin-voelker.com\/pl\/uslugi\/siwa\/","title":{"rendered":"SiWa"},"content":{"rendered":"<p>[et_pb_section fb_built=&#8221;1&#8243; custom_padding_last_edited=&#8221;on|phone&#8221; module_class=&#8221;leistungen-overlay dtb-mobile-parallax&#8221; _builder_version=&#8221;4.16&#8243; background_color=&#8221;rgba(0,45,64,0.5)&#8221; background_image=&#8221;https:\/\/www.merkin-voelker.com\/wp-content\/uploads\/2020\/05\/Siedlungsentw\u00e4sserung-1.jpg&#8221; parallax=&#8221;on&#8221; parallax_method=&#8221;off&#8221; custom_padding=&#8221;135px||112px|||&#8221; custom_padding_tablet=&#8221;&#8221; custom_padding_phone=&#8221;70px||70px||true|false&#8221; background_last_edited=&#8221;on|tablet&#8221; parallax_method_tablet=&#8221;on&#8221; global_colors_info=&#8221;{}&#8221;][et_pb_row _builder_version=&#8221;4.16&#8243; width=&#8221;100%&#8221; width_tablet=&#8221;90%&#8221; width_phone=&#8221;&#8221; width_last_edited=&#8221;on|phone&#8221; max_width=&#8221;none&#8221; max_width_tablet=&#8221;100%&#8221; max_width_phone=&#8221;&#8221; max_width_last_edited=&#8221;on|tablet&#8221; custom_margin=&#8221;|auto|-20px|auto||&#8221; custom_padding=&#8221;||16px|||&#8221; global_colors_info=&#8221;{}&#8221;][et_pb_column type=&#8221;4_4&#8243; _builder_version=&#8221;4.16&#8243; global_colors_info=&#8221;{}&#8221;][et_pb_text content_tablet=&#8221;<\/p>\n<h1>Gospodarka wodna w miastach<\/h1>\n<p>&#8221; content_phone=&#8221;<\/p>\n<h1>Gospodarka wodna w miastach<\/h1>\n<p>&#8221; content_last_edited=&#8221;off|tablet&#8221; _builder_version=&#8221;4.17.3&#8243; header_font=&#8221;Open Sans Reg|||on|||||&#8221; header_text_color=&#8221;#ffffff&#8221; header_font_size=&#8221;36px&#8221; header_letter_spacing=&#8221;2px&#8221; animation_style=&#8221;slide&#8221; animation_direction=&#8221;top&#8221; animation_duration=&#8221;2000ms&#8221; animation_delay=&#8221;100ms&#8221; header_font_size_tablet=&#8221;&#8221; header_font_size_phone=&#8221;30px&#8221; header_font_size_last_edited=&#8221;on|phone&#8221; header_letter_spacing_tablet=&#8221;&#8221; header_letter_spacing_phone=&#8221;1px&#8221; header_letter_spacing_last_edited=&#8221;on|phone&#8221; header_line_height_tablet=&#8221;&#8221; header_line_height_phone=&#8221;1.4em&#8221; header_line_height_last_edited=&#8221;on|phone&#8221; global_colors_info=&#8221;{}&#8221;]<\/p>\n<h1 style=\"text-align: center\">Gospodarka wodna w miastach<\/h1>\n<p>[\/et_pb_text][et_pb_divider color=&#8221;#009ee0&#8243; divider_weight=&#8221;6px&#8221; _builder_version=&#8221;4.16&#8243; width=&#8221;7%&#8221; module_alignment=&#8221;center&#8221; animation_style=&#8221;slide&#8221; animation_direction=&#8221;bottom&#8221; animation_duration=&#8221;2000ms&#8221; animation_delay=&#8221;550ms&#8221; global_colors_info=&#8221;{}&#8221;][\/et_pb_divider][\/et_pb_column][\/et_pb_row][\/et_pb_section][et_pb_section fb_built=&#8221;1&#8243; specialty=&#8221;on&#8221; custom_padding_last_edited=&#8221;on|tablet&#8221; _builder_version=&#8221;4.16&#8243; background_color=&#8221;rgba(244,244,244,0)&#8221; inner_width_tablet=&#8221;90%&#8221; inner_width_phone=&#8221;&#8221; inner_width_last_edited=&#8221;on|tablet&#8221; custom_margin=&#8221;||||false|false&#8221; custom_margin_tablet=&#8221;||-20px||false|false&#8221; custom_margin_phone=&#8221;&#8221; custom_margin_last_edited=&#8221;on|tablet&#8221; custom_padding_tablet=&#8221;||0px||false|false&#8221; custom_padding_phone=&#8221;&#8221; global_colors_info=&#8221;{}&#8221;][et_pb_column type=&#8221;1_4&#8243; _builder_version=&#8221;4.16&#8243; custom_padding=&#8221;|||&#8221; global_colors_info=&#8221;{}&#8221; custom_padding__hover=&#8221;|||&#8221;][et_pb_sidebar disabled_on=&#8221;on|on|off&#8221; _builder_version=&#8221;4.17.3&#8243; background_color=&#8221;#f4f4f4&#8243; width=&#8221;120%&#8221; custom_margin=&#8221;|||-90px|false|false&#8221; custom_padding=&#8221;20px|20px||20px|false|true&#8221; global_colors_info=&#8221;{}&#8221;][\/et_pb_sidebar][et_pb_blurb title=&#8221;Kontakt&#8221; use_icon=&#8221;on&#8221; font_icon=&#8221;&#xe010;||divi||400&#8243; icon_color=&#8221;#009ee0&#8243; image_icon_width=&#8221;48px&#8221; icon_alignment=&#8221;left&#8221; disabled_on=&#8221;on|on|off&#8221; _builder_version=&#8221;4.17.6&#8243; header_font=&#8221;Open Sans Reg|||on|||||&#8221; header_font_size=&#8221;17px&#8221; header_letter_spacing=&#8221;2px&#8221; header_line_height=&#8221;1.5em&#8221; body_font=&#8221;||||||||&#8221; body_font_size=&#8221;13px&#8221; body_link_text_color=&#8221;#5b5b5b&#8221; background_color=&#8221;#f4f4f4&#8243; width=&#8221;120%&#8221; custom_margin=&#8221;|||-90px|false|false&#8221; custom_padding=&#8221;20px|20px|20px|20px|false|false&#8221; icon_font_size=&#8221;48px&#8221; global_colors_info=&#8221;{}&#8221;]<\/p>\n<p><span><br \/>\n  <strong>Biuro projektowe Merkin &amp; V\u00f6lker GmbH<br \/><\/strong><br \/>\n<\/span><span>Sch\u00e4ufeleinstra\u00dfe 5<\/span><br \/><span>80687 Monachium<\/span><\/p>\n<p><span>Tel: +49 (0)89 599 76 46-0<br \/><\/span><span>Mail: <a href=\"mailto:info@schaefer-merkin.com\">info@merkin-voelker.com<\/a><\/span><\/p>\n<p>Do <a href=\"https:\/\/www.merkin-voelker.com\/pl\/kontakt\/?lang=pl\">formularza kontaktowego<\/a><\/p>\n<p>[\/et_pb_blurb][\/et_pb_column][et_pb_column type=&#8221;3_4&#8243; specialty_columns=&#8221;3&#8243; _builder_version=&#8221;4.16&#8243; custom_padding=&#8221;|||&#8221; global_colors_info=&#8221;{}&#8221; custom_padding__hover=&#8221;|||&#8221;][et_pb_row_inner _builder_version=&#8221;4.16&#8243; width=&#8221;110%&#8221; width_tablet=&#8221;90%&#8221; width_phone=&#8221;100%&#8221; width_last_edited=&#8221;on|phone&#8221; max_width_tablet=&#8221;100%&#8221; max_width_phone=&#8221;&#8221; max_width_last_edited=&#8221;on|tablet&#8221; custom_margin_tablet=&#8221;&#8221; custom_margin_phone=&#8221;-50px||||false|false&#8221; custom_margin_last_edited=&#8221;on|phone&#8221; custom_padding=&#8221;||15px|||&#8221; global_colors_info=&#8221;{}&#8221;][et_pb_column_inner saved_specialty_column_type=&#8221;3_4&#8243; _builder_version=&#8221;4.16&#8243; global_colors_info=&#8221;{}&#8221;][et_pb_text content_phone=&#8221;<\/p>\n<h2>Gospodarka wodna w miastach\/odwadnianie miast<\/h2>\n<p>&#8221; content_last_edited=&#8221;off|phone&#8221; _builder_version=&#8221;4.16&#8243; header_2_font=&#8221;Open Sans bold||||||||&#8221; header_2_text_color=&#8221;#565656&#8243; header_2_font_size=&#8221;58px&#8221; header_2_letter_spacing=&#8221;-1px&#8221; header_2_line_height=&#8221;1.2em&#8221; custom_margin=&#8221;||13px|||&#8221; header_2_font_size_tablet=&#8221;40px&#8221; header_2_font_size_phone=&#8221;27px&#8221; header_2_font_size_last_edited=&#8221;on|tablet&#8221; global_colors_info=&#8221;{}&#8221;]<\/p>\n<h2>SiWa<\/h2>\n<p>[\/et_pb_text][et_pb_divider color=&#8221;#009ee0&#8243; divider_weight=&#8221;7px&#8221; _builder_version=&#8221;4.16&#8243; width=&#8221;18%&#8221; module_alignment=&#8221;left&#8221; custom_padding=&#8221;10px||10px||true|false&#8221; global_colors_info=&#8221;{}&#8221;][\/et_pb_divider][\/et_pb_column_inner][\/et_pb_row_inner][et_pb_row_inner _builder_version=&#8221;4.16&#8243; width=&#8221;110%&#8221; width_tablet=&#8221;90%&#8221; width_phone=&#8221;100%&#8221; width_last_edited=&#8221;on|phone&#8221; max_width_tablet=&#8221;100%&#8221; max_width_phone=&#8221;&#8221; max_width_last_edited=&#8221;on|tablet&#8221; custom_padding=&#8221;2px|||||&#8221; global_colors_info=&#8221;{}&#8221;][et_pb_column_inner saved_specialty_column_type=&#8221;3_4&#8243; _builder_version=&#8221;4.16&#8243; global_colors_info=&#8221;{}&#8221;][et_pb_text _builder_version=&#8221;4.17.6&#8243; text_font=&#8221;Open Sans Reg||||||||&#8221; text_text_color=&#8221;#7c7c7c&#8221; text_font_size=&#8221;15px&#8221; text_line_height=&#8221;2em&#8221; link_text_color=&#8221;rgba(98,96,97,0.92)&#8221; header_2_font=&#8221;Open Sans Semi Bold||||||||&#8221; header_2_text_color=&#8221;#6d6d6d&#8221; header_2_font_size=&#8221;33px&#8221; header_2_line_height=&#8221;1.5em&#8221; header_3_font=&#8221;Open Sans Semi Bold||||||||&#8221; header_3_text_color=&#8221;#6d6d6d&#8221; header_3_line_height=&#8221;1.5em&#8221; header_2_font_size_tablet=&#8221;29px&#8221; header_2_font_size_phone=&#8221;23px&#8221; header_2_font_size_last_edited=&#8221;on|tablet&#8221; header_2_line_height_tablet=&#8221;&#8221; header_2_line_height_phone=&#8221;1.3em&#8221; header_2_line_height_last_edited=&#8221;on|phone&#8221; header_3_font_size_tablet=&#8221;&#8221; header_3_font_size_phone=&#8221;20px&#8221; header_3_font_size_last_edited=&#8221;on|phone&#8221; global_colors_info=&#8221;{}&#8221;]<\/p>\n<p>Nasze biuro partnerskie &#8211; Ingenieurb\u00fcro V\u00f6lker &#8211; odpowiada za obszar miejskiej gospodarki wodnej. Zajmujemy si\u0119 tutaj planowaniem, przetargiem i nadzorem nad dzia\u0142aniami na miejscu w nast\u0119puj\u0105cych obszarach tematycznych:<\/p>\n<ul>\n<li>Zaopatrzenie w wod\u0119<\/li>\n<li>Oczyszczanie \u015bciek\u00f3w<\/li>\n<li>Odprowadzanie \u015bciek\u00f3w<\/li>\n<li>Odprowadzanie \u015bciek\u00f3w<\/li>\n<li>Przesy\u0142anie \u015bciek\u00f3w<\/li>\n<\/ul>\n<p>Zapewniamy sta\u0142y dost\u0119p do zdrowej wody pitnej. Dbamy o niezb\u0119dne do tego zaplecze konstrukcyjne. Doradzamy we wszystkich aspektach odprowadzania \u015bciek\u00f3w, pocz\u0105wszy od przy\u0142\u0105cza domowego, poprzez oczyszczalni\u0119 \u015bciek\u00f3w, a\u017c po odprowadzenie do zbiornika wodnego.<\/p>\n<p>Nasze <a href=\"\/\">biuro in\u017cynierskie V\u00f6lker f\u00fcr Tiefbau<\/a> wnosi istotny wk\u0142ad w ochron\u0119 \u015brodowiska i wody, a tak\u017ce w budow\u0119 kanalizacji (np. poprzez planowanie odwodnie\u0144 i kanalizacji).<\/p>\n<h2>Zaopatrzenie w wod\u0119<\/h2>\n<p>Dzi\u0119ki naszym us\u0142ugom doradczym w zakresie nowej budowy, renowacji lub odnowy wodoci\u0105g\u00f3w, postrzegamy jako nasz obowi\u0105zek zapewnienie Pa\u0144stwa spo\u0142eczno\u015bci niezawodnego i bezpiecznego zaopatrzenia w wod\u0119. Do weryfikacji sieci rurowych stosuje si\u0119 najcz\u0119\u015bciej programy obliczeniowe. Uwzgl\u0119dniaj\u0105c odpowiednie przepisy, naszym celem jest opracowanie niezawodnych, ekonomicznych i trwa\u0142ych rozwi\u0105za\u0144.<\/p>\n<p>[\/et_pb_text][\/et_pb_column_inner][\/et_pb_row_inner][et_pb_row_inner column_structure=&#8221;1_2,1_2&#8243; use_custom_gutter=&#8221;on&#8221; gutter_width=&#8221;2&#8243; custom_padding_last_edited=&#8221;on|tablet&#8221; module_class=&#8221;tablet-two-cols&#8221; _builder_version=&#8221;4.16&#8243; width=&#8221;110%&#8221; width_tablet=&#8221;90%&#8221; width_phone=&#8221;100%&#8221; width_last_edited=&#8221;on|phone&#8221; max_width_tablet=&#8221;100%&#8221; max_width_phone=&#8221;&#8221; max_width_last_edited=&#8221;on|tablet&#8221; custom_margin_tablet=&#8221;||0px||false|false&#8221; custom_margin_phone=&#8221;&#8221; custom_margin_last_edited=&#8221;on|tablet&#8221; custom_padding_tablet=&#8221;||0px||false|false&#8221; custom_padding_phone=&#8221;||20px||false|false&#8221; global_colors_info=&#8221;{}&#8221;][et_pb_column_inner type=&#8221;1_2&#8243; saved_specialty_column_type=&#8221;3_4&#8243; _builder_version=&#8221;4.16&#8243; global_colors_info=&#8221;{}&#8221;][et_pb_image src=&#8221;https:\/\/www.merkin-voelker.com\/wp-content\/uploads\/2020\/06\/Ingenieurb\u00fcro-Siedlungsentw\u00e4sserung.jpg&#8221; alt=&#8221;Biuro in\u017cynieryjne Odwodnienie miejskie&#8221; title_text=&#8221;Biuro in\u017cynieryjne Odwodnienie miejskie&#8221; _builder_version=&#8221;4.16&#8243; global_colors_info=&#8221;{}&#8221;][\/et_pb_image][\/et_pb_column_inner][et_pb_column_inner type=&#8221;1_2&#8243; saved_specialty_column_type=&#8221;3_4&#8243; _builder_version=&#8221;4.16&#8243; global_colors_info=&#8221;{}&#8221;][et_pb_image src=&#8221;https:\/\/www.merkin-voelker.com\/wp-content\/uploads\/2020\/06\/Ingenieurb\u00fcro-Wasserwirtschaft.jpg&#8221; alt=&#8221;Biuro In\u017cynierii Gospodarki Wodnej&#8221; title_text=&#8221;Biuro In\u017cynierii Gospodarki Wodnej&#8221; _builder_version=&#8221;4.16&#8243; global_colors_info=&#8221;{}&#8221;][\/et_pb_image][\/et_pb_column_inner][\/et_pb_row_inner][et_pb_row_inner _builder_version=&#8221;4.16&#8243; width=&#8221;110%&#8221; width_tablet=&#8221;90%&#8221; width_phone=&#8221;100%&#8221; width_last_edited=&#8221;on|phone&#8221; max_width_tablet=&#8221;100%&#8221; max_width_phone=&#8221;&#8221; max_width_last_edited=&#8221;on|tablet&#8221; custom_margin=&#8221;20px||||false|false&#8221; custom_padding=&#8221;2px|||||&#8221; global_colors_info=&#8221;{}&#8221;][et_pb_column_inner saved_specialty_column_type=&#8221;3_4&#8243; _builder_version=&#8221;4.16&#8243; global_colors_info=&#8221;{}&#8221;][et_pb_text _builder_version=&#8221;4.17.3&#8243; text_font=&#8221;Open Sans Reg||||||||&#8221; text_text_color=&#8221;#7c7c7c&#8221; text_font_size=&#8221;15px&#8221; text_line_height=&#8221;2em&#8221; link_text_color=&#8221;#7c7c7c&#8221; header_2_font=&#8221;Open Sans Semi Bold||||||||&#8221; header_2_text_color=&#8221;#6d6d6d&#8221; header_2_font_size=&#8221;33px&#8221; header_2_line_height=&#8221;1.5em&#8221; header_3_font=&#8221;Open Sans Semi Bold||||||||&#8221; header_3_text_color=&#8221;#6d6d6d&#8221; header_3_line_height=&#8221;1.5em&#8221; header_2_font_size_tablet=&#8221;29px&#8221; header_2_font_size_phone=&#8221;23px&#8221; header_2_font_size_last_edited=&#8221;on|tablet&#8221; header_2_line_height_tablet=&#8221;&#8221; header_2_line_height_phone=&#8221;1.3em&#8221; header_2_line_height_last_edited=&#8221;on|phone&#8221; header_3_font_size_tablet=&#8221;&#8221; header_3_font_size_phone=&#8221;20px&#8221; header_3_font_size_last_edited=&#8221;on|phone&#8221; global_colors_info=&#8221;{}&#8221;]<\/p>\n<h2>Odwodnienie miejskie<\/h2>\n<p>Jako <a href=\"\/\">biuro in\u017cynierskie dla regionu Monachium i ca\u0142ych Niemiec <\/a>zajmujemy si\u0119 planowaniem odwodnienia, odprowadzaniem i oczyszczaniem \u015bciek\u00f3w a\u017c do ich odprowadzenia.<\/p>\n<h3>Oczyszczanie \u015bciek\u00f3w<\/h3>\n<p>Oczyszczanie \u015bciek\u00f3w komunalnych nale\u017cy rozumie\u0107 jako element odwadniania miast, kt\u00f3rego celem jest odprowadzenie \u015bciek\u00f3w do oczyszczalni lub odbiornika. Oczyszczalnia \u015bciek\u00f3w s\u0142u\u017cy do oczyszczania \u015bciek\u00f3w. Z regu\u0142y ciek wodny s\u0142u\u017cy jako odbiornik, do kt\u00f3rego odprowadzane s\u0105 oczyszczone \u015bcieki. W zale\u017cno\u015bci od pojemno\u015bci zbiornika wodnego nale\u017cy stawia\u0107 r\u00f3\u017cne wymagania dotycz\u0105ce oczyszczania w warunkach zrzutu. Pod\u0142o\u017ce, a tym samym wody gruntowe mog\u0105 r\u00f3wnie\u017c s\u0142u\u017cy\u0107 jako wody odbiorcze.<\/p>\n<p>Opr\u00f3cz nowych budynk\u00f3w, zakres us\u0142ug w zakresie oczyszczania \u015bciek\u00f3w obejmuje r\u00f3wnie\u017c przebudowy lub remonty istniej\u0105cych oczyszczalni. Tam, gdzie jest to mo\u017cliwe, zachowuje si\u0119 istniej\u0105c\u0105 tkank\u0119 budowlan\u0105 w celu przestrzegania naszej zasady zr\u00f3wnowa\u017conego rozwoju.<\/p>\n<p>Uwa\u017camy, \u017ce naszym obowi\u0105zkiem jest oddanie sprawiedliwo\u015bci Pa\u0144stwa spo\u0142eczno\u015bci, a tak\u017ce \u015brodowisku naturalnemu w spos\u00f3b indywidualny. Rozmiary rozbudowy oczyszczalni \u015bciek\u00f3w, kt\u00f3rymi dotychczas si\u0119 zajmowali\u015bmy, mieszcz\u0105 si\u0119 w przedziale od 100 do 50 tys. mieszka\u0144c\u00f3w.<\/p>\n<h3><strong>Odprowadzanie \u015bciek\u00f3w<\/strong><\/h3>\n<p>W zakresie kanalizacji sporz\u0105dzamy dla Pa\u0144stwa plany kanalizacji og\u00f3lnosp\u0142awnej z uwzgl\u0119dnieniem oblicze\u0144 sieci kanalizacyjnej i symulacji obci\u0105\u017cenia zanieczyszczeniami. Potrzebne dane s\u0105 zbierane i analizowane za pomoc\u0105 nowoczesnych program\u00f3w wspomaganych komputerowo.<\/p>\n<p>Nowa budowa, remont, konserwacja lub renowacja: naszym celem jest jak najlepsze uwzgl\u0119dnienie interes\u00f3w klienta, zar\u00f3wno pod wzgl\u0119dem finansowym, jak i planistycznym, oraz po\u0142\u0105czenie tego, co sprawdzone z tym, co innowacyjne. W tym celu wykonujemy dla naszych klient\u00f3w obliczenia modelu hydrodynamicznego, aby odwzorowa\u0107 proces opad-odp\u0142yw w systemie odwodnienia. Jest to jedyny spos\u00f3b na zapewnienie niezawodnej pracy i jednoczesne oszcz\u0119dzanie zasob\u00f3w.<\/p>\n<p>Koncepcje planowania kanalizacji i renowacji kanalizacji odbywaj\u0105 si\u0119 u nas z uwzgl\u0119dnieniem hydrauliki i zwi\u0105zanej z tym podstawowej oceny inspekcji kamer\u0105 kanalizacji. Przy optymalizacji istniej\u0105cych sieci rurowych i przeprowadzaniu ekonomicznych studi\u00f3w wykonalno\u015bci korzystamy z us\u0142ug naszego wykwalifikowanego personelu specjalistycznego. Wsparcie w tym zakresie zapewniaj\u0105 nasi certyfikowani konsultanci ds. renowacji kanalizacji.<\/p>\n<p>Planowanie, przetargi, nadz\u00f3r na miejscu dzia\u0142a\u0144 remontowych &#8211; wszystko spod naszej r\u0119ki.<\/p>\n<p>[\/et_pb_text][\/et_pb_column_inner][\/et_pb_row_inner][et_pb_row_inner column_structure=&#8221;1_2,1_2&#8243; use_custom_gutter=&#8221;on&#8221; gutter_width=&#8221;2&#8243; custom_padding_last_edited=&#8221;on|tablet&#8221; module_class=&#8221;tablet-two-cols&#8221; _builder_version=&#8221;4.16&#8243; width=&#8221;110%&#8221; width_tablet=&#8221;90%&#8221; width_phone=&#8221;100%&#8221; width_last_edited=&#8221;on|phone&#8221; max_width_tablet=&#8221;100%&#8221; max_width_phone=&#8221;&#8221; max_width_last_edited=&#8221;on|tablet&#8221; custom_padding_tablet=&#8221;||0px||false|false&#8221; custom_padding_phone=&#8221;||20px||false|false&#8221; global_colors_info=&#8221;{}&#8221;][et_pb_column_inner type=&#8221;1_2&#8243; saved_specialty_column_type=&#8221;3_4&#8243; _builder_version=&#8221;4.16&#8243; global_colors_info=&#8221;{}&#8221;][et_pb_image src=&#8221;https:\/\/www.merkin-voelker.com\/wp-content\/uploads\/2020\/06\/Wasserwirtschaft.jpg&#8221; alt=&#8221;Gospodarka wodna&#8221; title_text=&#8221;Gospodarka wodna&#8221; _builder_version=&#8221;4.16&#8243; global_colors_info=&#8221;{}&#8221;][\/et_pb_image][\/et_pb_column_inner][et_pb_column_inner type=&#8221;1_2&#8243; saved_specialty_column_type=&#8221;3_4&#8243; _builder_version=&#8221;4.16&#8243; global_colors_info=&#8221;{}&#8221;][et_pb_image src=&#8221;https:\/\/www.merkin-voelker.com\/wp-content\/uploads\/2020\/06\/Siedlungsentw\u00e4sserung-Ingenieure.jpg&#8221; alt=&#8221;In\u017cynierowie ds. odwadniania miast&#8221; title_text=&#8221;In\u017cynierowie ds. odwadniania miast&#8221; _builder_version=&#8221;4.16&#8243; global_colors_info=&#8221;{}&#8221;][\/et_pb_image][\/et_pb_column_inner][\/et_pb_row_inner][et_pb_row_inner _builder_version=&#8221;4.16&#8243; width=&#8221;110%&#8221; width_tablet=&#8221;90%&#8221; width_phone=&#8221;100%&#8221; width_last_edited=&#8221;on|phone&#8221; max_width_tablet=&#8221;100%&#8221; max_width_phone=&#8221;&#8221; max_width_last_edited=&#8221;on|tablet&#8221; custom_margin=&#8221;20px||||false|false&#8221; custom_padding=&#8221;2px|||||&#8221; global_colors_info=&#8221;{}&#8221;][et_pb_column_inner saved_specialty_column_type=&#8221;3_4&#8243; _builder_version=&#8221;4.16&#8243; global_colors_info=&#8221;{}&#8221;][et_pb_text _builder_version=&#8221;4.16&#8243; text_font=&#8221;Open Sans Reg||||||||&#8221; text_text_color=&#8221;#7c7c7c&#8221; text_font_size=&#8221;15px&#8221; text_line_height=&#8221;2em&#8221; header_2_font=&#8221;Open Sans Semi Bold||||||||&#8221; header_2_text_color=&#8221;#6d6d6d&#8221; header_2_font_size=&#8221;33px&#8221; header_2_line_height=&#8221;1.5em&#8221; header_3_font=&#8221;Open Sans Semi Bold||||||||&#8221; header_3_text_color=&#8221;#6d6d6d&#8221; header_3_line_height=&#8221;1.5em&#8221; header_2_font_size_tablet=&#8221;29px&#8221; header_2_font_size_phone=&#8221;23px&#8221; header_2_font_size_last_edited=&#8221;on|tablet&#8221; header_2_line_height_tablet=&#8221;&#8221; header_2_line_height_phone=&#8221;1.3em&#8221; header_2_line_height_last_edited=&#8221;on|phone&#8221; header_3_font_size_tablet=&#8221;&#8221; header_3_font_size_phone=&#8221;20px&#8221; header_3_font_size_last_edited=&#8221;on|phone&#8221; global_colors_info=&#8221;{}&#8221;]<\/p>\n<h3>Przesy\u0142anie \u015bciek\u00f3w<\/h3>\n<p>R\u00f3\u017cnice wysoko\u015bci i du\u017ce odleg\u0142o\u015bci transportowe pokonywane s\u0105 dzi\u0119ki zastosowaniu przepompowni i rur ci\u015bnieniowych. \u015acieki doprowadzane s\u0105 do centralnej oczyszczalni \u015bciek\u00f3w w celu ich oczyszczenia.<\/p>\n<h3>Zagospodarowanie wody deszczowej<\/h3>\n<p>Oczyszczanie w\u00f3d opadowych nale\u017cy prowadzi\u0107 zgodnie z rodzajem drena\u017cu i wymaganiami dla odprowadzanej cz\u0119\u015bci w\u00f3d.<\/p>\n<p>Specjalne struktury, takie jak baseny przelewowe dla w\u00f3d burzowych w systemie po\u0142\u0105czonym, mog\u0105 zmniejszy\u0107 szczytowe warto\u015bci sp\u0142ywu w\u00f3d burzowych i zredukowa\u0107 \u0142adunki zanieczyszcze\u0144 w cieku wodnym. W zale\u017cno\u015bci od wymaga\u0144, zbiorniki retencyjne wody deszczowej lub retencyjne filtry glebowe przyczyniaj\u0105 si\u0119 do gospodarki wodnej w dalszym, kombinowanym oczyszczaniu \u015bciek\u00f3w. Za pomoc\u0105 modeli symulacyjnych \u0142adunku zanieczyszcze\u0144 symulujemy z\u0142o\u017cone zlewnie oczyszczalni \u015bciek\u00f3w na podstawie d\u0142ugoterminowych serii opad\u00f3w, analizujemy wyniki i znajdujemy najbardziej ekonomiczne rozwi\u0105zania dla Pa\u0144stwa projektu. W zale\u017cno\u015bci od tego, czy bardziej sensowne jest zastosowanie system\u00f3w \u0142\u0105czonych czy rozdzielonych, opracowujemy indywidualne rozwi\u0105zania w zakresie retencji, jak r\u00f3wnie\u017c oczyszczania i odprowadzania w\u00f3d opadowych zgodnie z indywidualnymi potrzebami.<\/p>\n<p>[\/et_pb_text][\/et_pb_column_inner][\/et_pb_row_inner][\/et_pb_column][\/et_pb_section]<\/p>\n","protected":false},"excerpt":{"rendered":"<p>Gospodarka wodna w miastach Biuro projektowe Merkin &amp; V\u00f6lker GmbH Sch\u00e4ufeleinstra\u00dfe 580687 Monachium Tel: +49 (0)89 599 76 46-0Mail: info@merkin-voelker.com Do formularza kontaktowegoSiWaNasze biuro partnerskie &#8211; Ingenieurb\u00fcro V\u00f6lker &#8211; odpowiada za obszar miejskiej gospodarki wodnej. Zajmujemy si\u0119 tutaj planowaniem, przetargiem i nadzorem nad dzia\u0142aniami na miejscu w nast\u0119puj\u0105cych obszarach tematycznych: Zaopatrzenie w wod\u0119 Oczyszczanie \u015bciek\u00f3w Odprowadzanie \u015bciek\u00f3w Odprowadzanie \u015bciek\u00f3w Przesy\u0142anie \u015bciek\u00f3w Zapewniamy sta\u0142y dost\u0119p do zdrowej wody pitnej. Dbamy o niezb\u0119dne do tego zaplecze konstrukcyjne. Doradzamy we wszystkich aspektach odprowadzania \u015bciek\u00f3w, pocz\u0105wszy od przy\u0142\u0105cza domowego, poprzez oczyszczalni\u0119 \u015bciek\u00f3w, a\u017c po odprowadzenie do zbiornika wodnego. Nasze biuro in\u017cynierskie V\u00f6lker f\u00fcr Tiefbau wnosi istotny wk\u0142ad w ochron\u0119 \u015brodowiska i wody, a tak\u017ce w budow\u0119 kanalizacji (np. poprzez planowanie odwodnie\u0144 i kanalizacji). Zaopatrzenie w wod\u0119 Dzi\u0119ki naszym us\u0142ugom doradczym w zakresie nowej budowy, renowacji lub odnowy wodoci\u0105g\u00f3w, postrzegamy jako nasz obowi\u0105zek zapewnienie Pa\u0144stwa spo\u0142eczno\u015bci niezawodnego i bezpiecznego zaopatrzenia w wod\u0119. Do weryfikacji sieci rurowych stosuje si\u0119 najcz\u0119\u015bciej programy obliczeniowe. Uwzgl\u0119dniaj\u0105c odpowiednie przepisy, naszym celem jest opracowanie niezawodnych, ekonomicznych i trwa\u0142ych rozwi\u0105za\u0144.Odwodnienie miejskie Jako biuro in\u017cynierskie dla regionu Monachium i ca\u0142ych Niemiec zajmujemy si\u0119 planowaniem odwodnienia, odprowadzaniem i oczyszczaniem \u015bciek\u00f3w a\u017c do ich odprowadzenia. Oczyszczanie \u015bciek\u00f3w Oczyszczanie \u015bciek\u00f3w komunalnych nale\u017cy rozumie\u0107 jako element odwadniania [&hellip;]<\/p>\n","protected":false},"author":1,"featured_media":0,"parent":271146,"menu_order":0,"comment_status":"closed","ping_status":"closed","template":"","meta":{"_et_pb_use_builder":"on","_et_pb_old_content":"<!-- wp:divi\/placeholder \/-->","_et_gb_content_width":"","footnotes":""},"class_list":["post-271180","page","type-page","status-publish","hentry"],"_links":{"self":[{"href":"https:\/\/www.merkin-voelker.com\/pl\/wp-json\/wp\/v2\/pages\/271180","targetHints":{"allow":["GET"]}}],"collection":[{"href":"https:\/\/www.merkin-voelker.com\/pl\/wp-json\/wp\/v2\/pages"}],"about":[{"href":"https:\/\/www.merkin-voelker.com\/pl\/wp-json\/wp\/v2\/types\/page"}],"author":[{"embeddable":true,"href":"https:\/\/www.merkin-voelker.com\/pl\/wp-json\/wp\/v2\/users\/1"}],"replies":[{"embeddable":true,"href":"https:\/\/www.merkin-voelker.com\/pl\/wp-json\/wp\/v2\/comments?post=271180"}],"version-history":[{"count":0,"href":"https:\/\/www.merkin-voelker.com\/pl\/wp-json\/wp\/v2\/pages\/271180\/revisions"}],"up":[{"embeddable":true,"href":"https:\/\/www.merkin-voelker.com\/pl\/wp-json\/wp\/v2\/pages\/271146"}],"wp:attachment":[{"href":"https:\/\/www.merkin-voelker.com\/pl\/wp-json\/wp\/v2\/media?parent=271180"}],"curies":[{"name":"wp","href":"https:\/\/api.w.org\/{rel}","templated":true}]}}