{"id":271177,"date":"2023-03-10T11:27:35","date_gmt":"2023-03-10T10:27:35","guid":{"rendered":"https:\/\/merkin-voelker.com\/uslugi\/ruch-drogowy\/"},"modified":"2023-03-10T11:27:36","modified_gmt":"2023-03-10T10:27:36","slug":"ruch-drogowy","status":"publish","type":"page","link":"https:\/\/www.merkin-voelker.com\/pl\/uslugi\/ruch-drogowy\/","title":{"rendered":"Ruch drogowy"},"content":{"rendered":"<p>[et_pb_section fb_built=&#8221;1&#8243; custom_padding_last_edited=&#8221;on|phone&#8221; module_class=&#8221;leistungen-overlay dtb-mobile-parallax&#8221; _builder_version=&#8221;4.17.6&#8243; background_color=&#8221;rgba(0,45,64,0.5)&#8221; background_image=&#8221;https:\/\/www.merkin-voelker.com\/wp-content\/uploads\/2022\/08\/Eisenbahnbruecke_Rendsburg_zugeschnitten-mac-scaled.jpeg&#8221; parallax=&#8221;on&#8221; parallax_method=&#8221;off&#8221; custom_padding=&#8221;135px||112px|||&#8221; custom_padding_tablet=&#8221;&#8221; custom_padding_phone=&#8221;70px||70px||true|false&#8221; background_last_edited=&#8221;on|tablet&#8221; parallax_method_tablet=&#8221;on&#8221; global_colors_info=&#8221;{}&#8221;][et_pb_row _builder_version=&#8221;4.16&#8243; width=&#8221;100%&#8221; width_tablet=&#8221;90%&#8221; width_phone=&#8221;&#8221; width_last_edited=&#8221;on|phone&#8221; max_width=&#8221;none&#8221; max_width_tablet=&#8221;100%&#8221; max_width_phone=&#8221;&#8221; max_width_last_edited=&#8221;on|tablet&#8221; custom_margin=&#8221;|auto|-20px|auto||&#8221; custom_padding=&#8221;||16px|||&#8221; global_colors_info=&#8221;{}&#8221;][et_pb_column type=&#8221;4_4&#8243; _builder_version=&#8221;4.16&#8243; global_colors_info=&#8221;{}&#8221;][et_pb_text content_phone=&#8221;<\/p>\n<h1>Odwadnianie osad\u00f3w<\/h1>\n<p>&#8221; content_last_edited=&#8221;off|desktop&#8221; _builder_version=&#8221;4.17.6&#8243; header_font=&#8221;Open Sans Reg|||on|||||&#8221; header_text_color=&#8221;#ffffff&#8221; header_font_size=&#8221;36px&#8221; header_letter_spacing=&#8221;2px&#8221; animation_style=&#8221;slide&#8221; animation_direction=&#8221;top&#8221; animation_duration=&#8221;2000ms&#8221; animation_delay=&#8221;100ms&#8221; header_font_size_tablet=&#8221;&#8221; header_font_size_phone=&#8221;30px&#8221; header_font_size_last_edited=&#8221;on|phone&#8221; header_letter_spacing_tablet=&#8221;&#8221; header_letter_spacing_phone=&#8221;1px&#8221; header_letter_spacing_last_edited=&#8221;on|phone&#8221; header_line_height_tablet=&#8221;&#8221; header_line_height_phone=&#8221;1.4em&#8221; header_line_height_last_edited=&#8221;on|phone&#8221; global_colors_info=&#8221;{}&#8221;]<\/p>\n<h1 style=\"text-align: center\">In\u017cynieria ruchu i in\u017cynieria l\u0105dowa<\/h1>\n<p>[\/et_pb_text][et_pb_divider color=&#8221;#009ee0&#8243; divider_weight=&#8221;6px&#8221; _builder_version=&#8221;4.16&#8243; width=&#8221;7%&#8221; module_alignment=&#8221;center&#8221; animation_style=&#8221;slide&#8221; animation_direction=&#8221;bottom&#8221; animation_duration=&#8221;2000ms&#8221; animation_delay=&#8221;550ms&#8221; global_colors_info=&#8221;{}&#8221;][\/et_pb_divider][\/et_pb_column][\/et_pb_row][\/et_pb_section][et_pb_section fb_built=&#8221;1&#8243; specialty=&#8221;on&#8221; custom_padding_last_edited=&#8221;on|tablet&#8221; _builder_version=&#8221;4.16&#8243; background_color=&#8221;rgba(244,244,244,0)&#8221; inner_width_tablet=&#8221;90%&#8221; inner_width_phone=&#8221;&#8221; inner_width_last_edited=&#8221;on|tablet&#8221; custom_margin=&#8221;||||false|false&#8221; custom_margin_tablet=&#8221;||-20px||false|false&#8221; custom_margin_last_edited=&#8221;off|desktop&#8221; custom_padding_tablet=&#8221;||0px||false|false&#8221; custom_padding_phone=&#8221;&#8221; global_colors_info=&#8221;{}&#8221;][et_pb_column type=&#8221;1_4&#8243; _builder_version=&#8221;4.16&#8243; custom_padding=&#8221;|||&#8221; global_colors_info=&#8221;{}&#8221; custom_padding__hover=&#8221;|||&#8221;][et_pb_sidebar area=&#8221;et_pb_widget_area_1&#8243; disabled_on=&#8221;on|on|off&#8221; _builder_version=&#8221;4.17.6&#8243; background_color=&#8221;#f4f4f4&#8243; width=&#8221;120%&#8221; custom_margin=&#8221;|||-90px|false|false&#8221; custom_padding=&#8221;20px|20px||20px|false|true&#8221; global_colors_info=&#8221;{}&#8221;][\/et_pb_sidebar][et_pb_blurb title=&#8221;Kontakt&#8221; use_icon=&#8221;on&#8221; font_icon=&#8221;&#xe010;||divi||400&#8243; icon_color=&#8221;#009ee0&#8243; image_icon_width=&#8221;48px&#8221; icon_alignment=&#8221;left&#8221; disabled_on=&#8221;on|on|off&#8221; _builder_version=&#8221;4.17.6&#8243; header_font=&#8221;Open Sans Reg|||on|||||&#8221; header_font_size=&#8221;17px&#8221; header_letter_spacing=&#8221;2px&#8221; header_line_height=&#8221;1.5em&#8221; body_font=&#8221;||||||||&#8221; body_font_size=&#8221;13px&#8221; body_link_text_color=&#8221;#5b5b5b&#8221; background_color=&#8221;#f4f4f4&#8243; width=&#8221;120%&#8221; custom_margin=&#8221;|||-90px|false|false&#8221; custom_padding=&#8221;20px|20px|20px|20px|false|false&#8221; icon_font_size=&#8221;48px&#8221; global_colors_info=&#8221;{}&#8221;]<\/p>\n<p><span><br \/>\n  <strong>Biuro projektowe Merkin &amp; V\u00f6lker GmbH<br \/><\/strong><br \/>\n<\/span><span>Sch\u00e4ufeleinstra\u00dfe 5<\/span><br \/><span>80687 Monachium<\/span><\/p>\n<p><span>Tel: +49 (0)89 599 76 46-0<br \/><\/span><span>Mail: <a href=\"mailto:info@schaefer-merkin.com\">info@merkin-voelker.com<\/a><\/span><\/p>\n<p>Do <a href=\"https:\/\/www.merkin-voelker.com\/pl\/kontakt\/?lang=pl\">formularza kontaktowego<\/a><\/p>\n<p>[\/et_pb_blurb][\/et_pb_column][et_pb_column type=&#8221;3_4&#8243; specialty_columns=&#8221;3&#8243; _builder_version=&#8221;4.16&#8243; custom_padding=&#8221;|||&#8221; global_colors_info=&#8221;{}&#8221; custom_padding__hover=&#8221;|||&#8221;][et_pb_row_inner _builder_version=&#8221;4.16&#8243; width=&#8221;110%&#8221; width_tablet=&#8221;90%&#8221; width_phone=&#8221;100%&#8221; width_last_edited=&#8221;on|phone&#8221; max_width_tablet=&#8221;100%&#8221; max_width_phone=&#8221;&#8221; max_width_last_edited=&#8221;on|tablet&#8221; custom_margin_tablet=&#8221;&#8221; custom_margin_phone=&#8221;-50px||||false|false&#8221; custom_margin_last_edited=&#8221;on|phone&#8221; custom_padding=&#8221;||15px|||&#8221; global_colors_info=&#8221;{}&#8221;][et_pb_column_inner saved_specialty_column_type=&#8221;3_4&#8243; _builder_version=&#8221;4.16&#8243; global_colors_info=&#8221;{}&#8221;][et_pb_text content_phone=&#8221;<\/p>\n<h2>Gospodarka wodna w miastach\/odwadnianie miast<\/h2>\n<p>&#8221; content_last_edited=&#8221;off|phone&#8221; _builder_version=&#8221;4.17.6&#8243; header_2_font=&#8221;Open Sans bold||||||||&#8221; header_2_text_color=&#8221;#565656&#8243; header_2_font_size=&#8221;58px&#8221; header_2_letter_spacing=&#8221;-1px&#8221; header_2_line_height=&#8221;1.2em&#8221; custom_margin=&#8221;||13px|||&#8221; header_2_font_size_tablet=&#8221;40px&#8221; header_2_font_size_phone=&#8221;27px&#8221; header_2_font_size_last_edited=&#8221;on|tablet&#8221; global_colors_info=&#8221;{}&#8221;]<\/p>\n<h2>In\u017cynieria budowlana<\/h2>\n<p>[\/et_pb_text][et_pb_divider color=&#8221;#009ee0&#8243; divider_weight=&#8221;7px&#8221; _builder_version=&#8221;4.16&#8243; width=&#8221;18%&#8221; module_alignment=&#8221;left&#8221; custom_padding=&#8221;10px||10px||true|false&#8221; global_colors_info=&#8221;{}&#8221;][\/et_pb_divider][\/et_pb_column_inner][\/et_pb_row_inner][et_pb_row_inner _builder_version=&#8221;4.16&#8243; width=&#8221;110%&#8221; width_tablet=&#8221;90%&#8221; width_phone=&#8221;100%&#8221; width_last_edited=&#8221;on|phone&#8221; max_width_tablet=&#8221;100%&#8221; max_width_phone=&#8221;&#8221; max_width_last_edited=&#8221;on|tablet&#8221; custom_padding=&#8221;2px|||||&#8221; global_colors_info=&#8221;{}&#8221;][et_pb_column_inner saved_specialty_column_type=&#8221;3_4&#8243; _builder_version=&#8221;4.16&#8243; global_colors_info=&#8221;{}&#8221;][et_pb_text _builder_version=&#8221;4.17.6&#8243; text_font=&#8221;Open Sans Reg||||||||&#8221; text_text_color=&#8221;#7c7c7c&#8221; text_font_size=&#8221;15px&#8221; text_line_height=&#8221;2em&#8221; header_2_font=&#8221;Open Sans Semi Bold||||||||&#8221; header_2_text_color=&#8221;#6d6d6d&#8221; header_2_font_size=&#8221;33px&#8221; header_2_line_height=&#8221;1.5em&#8221; header_3_font=&#8221;Open Sans Semi Bold||||||||&#8221; header_3_text_color=&#8221;#6d6d6d&#8221; header_3_line_height=&#8221;1.5em&#8221; header_2_font_size_tablet=&#8221;29px&#8221; header_2_font_size_phone=&#8221;23px&#8221; header_2_font_size_last_edited=&#8221;on|tablet&#8221; header_2_line_height_tablet=&#8221;&#8221; header_2_line_height_phone=&#8221;1.3em&#8221; header_2_line_height_last_edited=&#8221;on|phone&#8221; header_3_font_size_tablet=&#8221;&#8221; header_3_font_size_phone=&#8221;20px&#8221; header_3_font_size_last_edited=&#8221;on|phone&#8221; global_colors_info=&#8221;{}&#8221;]<\/p>\n<p>Nasze us\u0142ugi in\u017cynierskie w dziedzinie transportu koncentruj\u0105 si\u0119 przede wszystkim na konstrukcjach in\u017cynierskich dla obiekt\u00f3w komunikacyjnych, planowaniu dr\u00f3g i rozwoju in\u017cynierii ruchu. Mobilno\u015b\u0107 jest podstawow\u0105 potrzeb\u0105 cz\u0142owieka. Rozwijaj\u0105c nowoczesn\u0105 infrastruktur\u0119, przyczyniamy si\u0119 do funkcjonowania gospodarki narodowej. Biuro in\u017cynierskie Merkin &amp; V\u00f6lker koncentruje si\u0119 na nast\u0119puj\u0105cych dziedzinach budownictwa l\u0105dowego:<\/p>\n<ul>\n<li>Mosty w tym. Badania most\u00f3w<\/li>\n<li>Rails<\/li>\n<li>Ulice<\/li>\n<li>Tunel<\/li>\n<li>Systemy ochrony przed ha\u0142asem<\/li>\n<li>Budowa obudowy kana\u0142u dowolnego rodzaju<\/li>\n<\/ul>\n<p>Biuro in\u017cynierskie Merkin &amp; V\u00f6lker z Monachium tworzy wymagania techniczne dla strefy ruchu w zale\u017cno\u015bci od wymaga\u0144 projektu. Znajdziemy odpowiednie rozwi\u0105zanie i w\u0142a\u015bciwy projekt dla Twojego projektu.<\/p>\n<p>[\/et_pb_text][\/et_pb_column_inner][\/et_pb_row_inner][et_pb_row_inner column_structure=&#8221;1_2,1_2&#8243; use_custom_gutter=&#8221;on&#8221; gutter_width=&#8221;2&#8243; custom_padding_last_edited=&#8221;on|tablet&#8221; module_class=&#8221;tablet-two-cols&#8221; _builder_version=&#8221;4.16&#8243; width=&#8221;110%&#8221; width_tablet=&#8221;90%&#8221; width_phone=&#8221;100%&#8221; width_last_edited=&#8221;on|phone&#8221; max_width_tablet=&#8221;100%&#8221; max_width_phone=&#8221;&#8221; max_width_last_edited=&#8221;on|tablet&#8221; custom_margin_tablet=&#8221;||0px||false|false&#8221; custom_margin_phone=&#8221;&#8221; custom_margin_last_edited=&#8221;on|tablet&#8221; custom_padding_tablet=&#8221;||0px||false|false&#8221; custom_padding_phone=&#8221;||20px||false|false&#8221; global_colors_info=&#8221;{}&#8221;][et_pb_column_inner type=&#8221;1_2&#8243; saved_specialty_column_type=&#8221;3_4&#8243; _builder_version=&#8221;4.16&#8243; global_colors_info=&#8221;{}&#8221;][et_pb_image src=&#8221;https:\/\/www.merkin-voelker.com\/wp-content\/uploads\/2022\/08\/Saalachbru\u0308cke-1-420&#215;280-1.jpg&#8221; alt=&#8221;Rozw\u00f3j ruchu na placu&#8221; title_text=&#8221;Saalachbru\u0308cke-1-420&#215;280&#8243; _builder_version=&#8221;4.17.6&#8243; global_colors_info=&#8221;{}&#8221;][\/et_pb_image][\/et_pb_column_inner][et_pb_column_inner type=&#8221;1_2&#8243; saved_specialty_column_type=&#8221;3_4&#8243; _builder_version=&#8221;4.16&#8243; global_colors_info=&#8221;{}&#8221;][et_pb_image src=&#8221;https:\/\/www.merkin-voelker.com\/wp-content\/uploads\/2022\/08\/Eisenbahnbruecke_Rendsburg-scaled.jpg&#8221; alt=&#8221;Mapa miasta&#8221; title_text=&#8221;Most kolejowy_Rendsburg&#8221; _builder_version=&#8221;4.17.6&#8243; global_colors_info=&#8221;{}&#8221;][\/et_pb_image][\/et_pb_column_inner][\/et_pb_row_inner][et_pb_row_inner _builder_version=&#8221;4.16&#8243; width=&#8221;110%&#8221; width_tablet=&#8221;90%&#8221; width_phone=&#8221;100%&#8221; width_last_edited=&#8221;on|phone&#8221; max_width_tablet=&#8221;100%&#8221; max_width_phone=&#8221;&#8221; max_width_last_edited=&#8221;on|tablet&#8221; custom_margin=&#8221;20px||||false|false&#8221; custom_padding=&#8221;2px|||||&#8221; global_colors_info=&#8221;{}&#8221;][et_pb_column_inner saved_specialty_column_type=&#8221;3_4&#8243; _builder_version=&#8221;4.16&#8243; global_colors_info=&#8221;{}&#8221;][et_pb_text content_phone=&#8221;<\/p>\n<h2>Gospodarka wodna w miastach\/odwadnianie miast<\/h2>\n<p>&#8221; content_last_edited=&#8221;off|phone&#8221; _builder_version=&#8221;4.17.6&#8243; header_2_font=&#8221;Open Sans bold||||||||&#8221; header_2_text_color=&#8221;#565656&#8243; header_2_font_size=&#8221;58px&#8221; header_2_letter_spacing=&#8221;-1px&#8221; header_2_line_height=&#8221;1.2em&#8221; custom_margin=&#8221;||13px|||&#8221; header_2_font_size_tablet=&#8221;40px&#8221; header_2_font_size_phone=&#8221;27px&#8221; header_2_font_size_last_edited=&#8221;on|tablet&#8221; locked=&#8221;off&#8221; global_colors_info=&#8221;{}&#8221;]<\/p>\n<h2>Projektowanie i budowa dr\u00f3g<\/h2>\n<p>[\/et_pb_text][et_pb_text _builder_version=&#8221;4.17.6&#8243; text_font=&#8221;Open Sans Reg||||||||&#8221; text_text_color=&#8221;#7c7c7c&#8221; text_font_size=&#8221;15px&#8221; text_line_height=&#8221;2em&#8221; header_2_font=&#8221;Open Sans Semi Bold||||||||&#8221; header_2_text_color=&#8221;#6d6d6d&#8221; header_2_font_size=&#8221;33px&#8221; header_2_line_height=&#8221;1.5em&#8221; header_3_font=&#8221;Open Sans Semi Bold||||||||&#8221; header_3_text_color=&#8221;#6d6d6d&#8221; header_3_line_height=&#8221;1.5em&#8221; header_2_font_size_tablet=&#8221;29px&#8221; header_2_font_size_phone=&#8221;23px&#8221; header_2_font_size_last_edited=&#8221;on|tablet&#8221; header_2_line_height_tablet=&#8221;&#8221; header_2_line_height_phone=&#8221;1.3em&#8221; header_2_line_height_last_edited=&#8221;on|phone&#8221; header_3_font_size_tablet=&#8221;&#8221; header_3_font_size_phone=&#8221;20px&#8221; header_3_font_size_last_edited=&#8221;on|phone&#8221; locked=&#8221;off&#8221; global_colors_info=&#8221;{}&#8221;]<\/p>\n<p>Nasze biuro partnerskie &#8211; Ingenieurb\u00fcro V\u00f6lker &#8211; przejmuje za nas planowanie dr\u00f3g w obszarze obs\u0142ugi ruchu, zar\u00f3wno w mie\u015bcie, jak i poza nim. Tutaj zajmujemy si\u0119 przede wszystkim<\/p>\n<ul>\n<li>Planowanie dr\u00f3g w nowym obszarze budowlanym<\/li>\n<li>Rehabilitacja dr\u00f3g<\/li>\n<li>Budowa \u015bcie\u017cki rowerowej<\/li>\n<\/ul>\n<p>Mog\u0105 to by\u0107 np. drogi poprzeczne do miasta lub budowa nowej drogi poza miastem. R\u00f3wnie\u017c w tym przypadku ch\u0119tnie podejmiemy si\u0119 planowania, og\u0142aszania przetarg\u00f3w i zarz\u0105dzania budow\u0105 na miejscu &#8211; wszystko z jednej r\u0119ki.<\/p>\n<p>Warunkiem dost\u0119pno\u015bci nieruchomo\u015bci jest jej zagospodarowanie bezpiecznymi i trwa\u0142ymi ci\u0105gami komunikacyjnymi. W zale\u017cno\u015bci od wymaga\u0144 zwi\u0105zanych z projektem biuro in\u017cynierskie V\u00f6lker tworzy techniczne warunki wst\u0119pne dla strefy ruchu. Znajdujemy w\u0142a\u015bciwe rozwi\u0105zanie i w\u0142a\u015bciwy projekt dla<\/p>\n<ul>\n<li>Drogi dojazdowe na terenach budowlanych lub komercyjnych<\/li>\n<li>drogi ponadregionalne<\/li>\n<li>ruchliwe \u015br\u00f3dmiejskie ulice i ucz\u0119szczane miejskie place.<\/li>\n<\/ul>\n<p>Na powierzchni i pod powierzchni\u0105 ziemi zajmujemy si\u0119 Pa\u0144stwa projektem indywidualnie: Pocz\u0105wszy od linii przekroju do projektowania nawierzchni, od budowy dr\u00f3g po tereny zielone, otrzymacie Pa\u0144stwo holistyczne planowanie z jednej r\u0119ki.<\/p>\n<p>[\/et_pb_text][et_pb_text _builder_version=&#8221;4.16&#8243; text_font=&#8221;Open Sans Reg||||||||&#8221; text_text_color=&#8221;#7c7c7c&#8221; text_font_size=&#8221;15px&#8221; text_line_height=&#8221;2em&#8221; link_text_color=&#8221;#7c7c7c&#8221; header_2_font=&#8221;Open Sans Semi Bold||||||||&#8221; header_2_text_color=&#8221;#6d6d6d&#8221; header_2_font_size=&#8221;33px&#8221; header_2_line_height=&#8221;1.5em&#8221; header_3_font=&#8221;Open Sans Semi Bold||||||||&#8221; header_3_text_color=&#8221;#6d6d6d&#8221; header_3_line_height=&#8221;1.5em&#8221; header_2_font_size_tablet=&#8221;29px&#8221; header_2_font_size_phone=&#8221;23px&#8221; header_2_font_size_last_edited=&#8221;on|tablet&#8221; header_2_line_height_tablet=&#8221;&#8221; header_2_line_height_phone=&#8221;1.3em&#8221; header_2_line_height_last_edited=&#8221;on|phone&#8221; header_3_font_size_tablet=&#8221;&#8221; header_3_font_size_phone=&#8221;20px&#8221; header_3_font_size_last_edited=&#8221;on|phone&#8221; global_colors_info=&#8221;{}&#8221;]<\/p>\n<p>Opr\u00f3cz pierwotnego rozwoju nowych obszar\u00f3w mieszkaniowych i komercyjnych, nasz zakres us\u0142ug obejmuje r\u00f3wnie\u017c dzia\u0142ania zwi\u0105zane z odnawianiem wsi i projekty rewitalizacji \u015br\u00f3dmie\u015bcia. Wykorzystujemy do tego celu najnowsze oprogramowanie CAD. Nasze <a href=\"\/\">biuro in\u017cynierskie <\/a>w Monachium ch\u0119tnie udzieli Pa\u0144stwu wsparcia.<\/p>\n<p>[\/et_pb_text][\/et_pb_column_inner][\/et_pb_row_inner][et_pb_row_inner column_structure=&#8221;1_2,1_2&#8243; use_custom_gutter=&#8221;on&#8221; gutter_width=&#8221;2&#8243; custom_padding_last_edited=&#8221;on|tablet&#8221; module_class=&#8221;tablet-two-cols&#8221; _builder_version=&#8221;4.16&#8243; width=&#8221;110%&#8221; width_tablet=&#8221;90%&#8221; width_phone=&#8221;100%&#8221; width_last_edited=&#8221;on|phone&#8221; max_width_tablet=&#8221;100%&#8221; max_width_phone=&#8221;&#8221; max_width_last_edited=&#8221;on|tablet&#8221; custom_padding_tablet=&#8221;||0px||false|false&#8221; custom_padding_phone=&#8221;||20px||false|false&#8221; global_colors_info=&#8221;{}&#8221;][et_pb_column_inner type=&#8221;1_2&#8243; saved_specialty_column_type=&#8221;3_4&#8243; _builder_version=&#8221;4.16&#8243; global_colors_info=&#8221;{}&#8221;][et_pb_image src=&#8221;https:\/\/www.merkin-voelker.com\/wp-content\/uploads\/2020\/06\/Erschlie\u00dfung-Stadtkarte-1.jpg&#8221; alt=&#8221;Mapa miasta&#8221; title_text=&#8221;Mapa miasta Rozw\u00f3j&#8221; _builder_version=&#8221;4.16&#8243; global_colors_info=&#8221;{}&#8221;][\/et_pb_image][\/et_pb_column_inner][et_pb_column_inner type=&#8221;1_2&#8243; saved_specialty_column_type=&#8221;3_4&#8243; _builder_version=&#8221;4.16&#8243; global_colors_info=&#8221;{}&#8221;][et_pb_image src=&#8221;https:\/\/www.merkin-voelker.com\/wp-content\/uploads\/2021\/09\/MicrosoftTeams-image-5.jpeg&#8221; title_text=&#8221;MicrosoftTeams-image (5)&#8221; _builder_version=&#8221;4.16&#8243; _module_preset=&#8221;default&#8221; global_colors_info=&#8221;{}&#8221;][\/et_pb_image][\/et_pb_column_inner][\/et_pb_row_inner][\/et_pb_column][\/et_pb_section]<\/p>\n","protected":false},"excerpt":{"rendered":"<p>In\u017cynieria ruchu i in\u017cynieria l\u0105dowa Biuro projektowe Merkin &amp; V\u00f6lker GmbH Sch\u00e4ufeleinstra\u00dfe 580687 Monachium Tel: +49 (0)89 599 76 46-0Mail: info@merkin-voelker.com Do formularza kontaktowegoIn\u017cynieria budowlanaNasze us\u0142ugi in\u017cynierskie w dziedzinie transportu koncentruj\u0105 si\u0119 przede wszystkim na konstrukcjach in\u017cynierskich dla obiekt\u00f3w komunikacyjnych, planowaniu dr\u00f3g i rozwoju in\u017cynierii ruchu. Mobilno\u015b\u0107 jest podstawow\u0105 potrzeb\u0105 cz\u0142owieka. Rozwijaj\u0105c nowoczesn\u0105 infrastruktur\u0119, przyczyniamy si\u0119 do funkcjonowania gospodarki narodowej. Biuro in\u017cynierskie Merkin &amp; V\u00f6lker koncentruje si\u0119 na nast\u0119puj\u0105cych dziedzinach budownictwa l\u0105dowego: Mosty w tym. Badania most\u00f3w Rails Ulice Tunel Systemy ochrony przed ha\u0142asem Budowa obudowy kana\u0142u dowolnego rodzaju Biuro in\u017cynierskie Merkin &amp; V\u00f6lker z Monachium tworzy wymagania techniczne dla strefy ruchu w zale\u017cno\u015bci od wymaga\u0144 projektu. Znajdziemy odpowiednie rozwi\u0105zanie i w\u0142a\u015bciwy projekt dla Twojego projektu.Projektowanie i budowa dr\u00f3gNasze biuro partnerskie &#8211; Ingenieurb\u00fcro V\u00f6lker &#8211; przejmuje za nas planowanie dr\u00f3g w obszarze obs\u0142ugi ruchu, zar\u00f3wno w mie\u015bcie, jak i poza nim. Tutaj zajmujemy si\u0119 przede wszystkim Planowanie dr\u00f3g w nowym obszarze budowlanym Rehabilitacja dr\u00f3g Budowa \u015bcie\u017cki rowerowej Mog\u0105 to by\u0107 np. drogi poprzeczne do miasta lub budowa nowej drogi poza miastem. R\u00f3wnie\u017c w tym przypadku ch\u0119tnie podejmiemy si\u0119 planowania, og\u0142aszania przetarg\u00f3w i zarz\u0105dzania budow\u0105 na miejscu &#8211; wszystko z jednej r\u0119ki. Warunkiem dost\u0119pno\u015bci nieruchomo\u015bci jest jej zagospodarowanie bezpiecznymi i trwa\u0142ymi [&hellip;]<\/p>\n","protected":false},"author":1,"featured_media":0,"parent":271146,"menu_order":0,"comment_status":"closed","ping_status":"closed","template":"","meta":{"_et_pb_use_builder":"on","_et_pb_old_content":"<!-- wp:divi\/placeholder \/-->","_et_gb_content_width":"","footnotes":""},"class_list":["post-271177","page","type-page","status-publish","hentry"],"_links":{"self":[{"href":"https:\/\/www.merkin-voelker.com\/pl\/wp-json\/wp\/v2\/pages\/271177","targetHints":{"allow":["GET"]}}],"collection":[{"href":"https:\/\/www.merkin-voelker.com\/pl\/wp-json\/wp\/v2\/pages"}],"about":[{"href":"https:\/\/www.merkin-voelker.com\/pl\/wp-json\/wp\/v2\/types\/page"}],"author":[{"embeddable":true,"href":"https:\/\/www.merkin-voelker.com\/pl\/wp-json\/wp\/v2\/users\/1"}],"replies":[{"embeddable":true,"href":"https:\/\/www.merkin-voelker.com\/pl\/wp-json\/wp\/v2\/comments?post=271177"}],"version-history":[{"count":0,"href":"https:\/\/www.merkin-voelker.com\/pl\/wp-json\/wp\/v2\/pages\/271177\/revisions"}],"up":[{"embeddable":true,"href":"https:\/\/www.merkin-voelker.com\/pl\/wp-json\/wp\/v2\/pages\/271146"}],"wp:attachment":[{"href":"https:\/\/www.merkin-voelker.com\/pl\/wp-json\/wp\/v2\/media?parent=271177"}],"curies":[{"name":"wp","href":"https:\/\/api.w.org\/{rel}","templated":true}]}}