{"id":271174,"date":"2023-03-10T11:27:18","date_gmt":"2023-03-10T10:27:18","guid":{"rendered":"https:\/\/merkin-voelker.com\/uslugi\/koordynacja-bezpieczenstwa-i-zdrowia\/"},"modified":"2023-03-10T11:27:19","modified_gmt":"2023-03-10T10:27:19","slug":"koordynacja-bezpieczenstwa-i-zdrowia","status":"publish","type":"page","link":"https:\/\/www.merkin-voelker.com\/pl\/uslugi\/koordynacja-bezpieczenstwa-i-zdrowia\/","title":{"rendered":"Koordynacja bezpiecze\u0144stwa i zdrowia"},"content":{"rendered":"<p>[et_pb_section fb_built=&#8221;1&#8243; custom_padding_last_edited=&#8221;on|phone&#8221; module_class=&#8221;leistungen-overlay dtb-mobile-parallax&#8221; _builder_version=&#8221;4.16&#8243; background_color=&#8221;rgba(0,45,64,0.5)&#8221; background_image=&#8221;https:\/\/www.merkin-voelker.com\/wp-content\/uploads\/2020\/07\/Sicherheits-Gesundheits-Koordination.jpg&#8221; parallax=&#8221;on&#8221; parallax_method=&#8221;off&#8221; custom_padding=&#8221;135px||112px|||&#8221; custom_padding_tablet=&#8221;&#8221; custom_padding_phone=&#8221;70px||70px||true|false&#8221; background_last_edited=&#8221;on|tablet&#8221; parallax_method_tablet=&#8221;on&#8221; global_colors_info=&#8221;{}&#8221;][et_pb_row _builder_version=&#8221;4.16&#8243; width=&#8221;100%&#8221; width_tablet=&#8221;90%&#8221; width_phone=&#8221;&#8221; width_last_edited=&#8221;on|phone&#8221; max_width=&#8221;none&#8221; max_width_tablet=&#8221;100%&#8221; max_width_phone=&#8221;&#8221; max_width_last_edited=&#8221;on|tablet&#8221; custom_margin=&#8221;|auto|-20px|auto||&#8221; custom_padding=&#8221;||16px|||&#8221; global_colors_info=&#8221;{}&#8221;][et_pb_column type=&#8221;4_4&#8243; _builder_version=&#8221;4.16&#8243; global_colors_info=&#8221;{}&#8221;][et_pb_text content_phone=&#8221;<\/p>\n<h1>Odwadnianie osad\u00f3w<\/h1>\n<p>&#8221; content_last_edited=&#8221;off|desktop&#8221; _builder_version=&#8221;4.16&#8243; header_font=&#8221;Open Sans Reg|||on|||||&#8221; header_text_color=&#8221;#ffffff&#8221; header_font_size=&#8221;36px&#8221; header_letter_spacing=&#8221;2px&#8221; animation_style=&#8221;slide&#8221; animation_direction=&#8221;top&#8221; animation_duration=&#8221;2000ms&#8221; animation_delay=&#8221;100ms&#8221; header_font_size_tablet=&#8221;&#8221; header_font_size_phone=&#8221;30px&#8221; header_font_size_last_edited=&#8221;on|phone&#8221; header_letter_spacing_tablet=&#8221;&#8221; header_letter_spacing_phone=&#8221;1px&#8221; header_letter_spacing_last_edited=&#8221;on|phone&#8221; header_line_height_tablet=&#8221;&#8221; header_line_height_phone=&#8221;1.4em&#8221; header_line_height_last_edited=&#8221;on|phone&#8221; global_colors_info=&#8221;{}&#8221;]<\/p>\n<h1 style=\"text-align: center\">Koordynacja bezpiecze\u0144stwa i zdrowia<\/h1>\n<p>[\/et_pb_text][et_pb_divider color=&#8221;#009ee0&#8243; divider_weight=&#8221;6px&#8221; _builder_version=&#8221;4.16&#8243; width=&#8221;7%&#8221; module_alignment=&#8221;center&#8221; animation_style=&#8221;slide&#8221; animation_direction=&#8221;bottom&#8221; animation_duration=&#8221;2000ms&#8221; animation_delay=&#8221;550ms&#8221; global_colors_info=&#8221;{}&#8221;][\/et_pb_divider][\/et_pb_column][\/et_pb_row][\/et_pb_section][et_pb_section fb_built=&#8221;1&#8243; specialty=&#8221;on&#8221; custom_padding_last_edited=&#8221;on|tablet&#8221; _builder_version=&#8221;4.16&#8243; background_color=&#8221;rgba(244,244,244,0)&#8221; inner_width_tablet=&#8221;90%&#8221; inner_width_phone=&#8221;&#8221; inner_width_last_edited=&#8221;on|tablet&#8221; custom_margin=&#8221;||||false|false&#8221; custom_margin_tablet=&#8221;||-20px||false|false&#8221; custom_margin_last_edited=&#8221;off|desktop&#8221; custom_padding_tablet=&#8221;||0px||false|false&#8221; custom_padding_phone=&#8221;&#8221; global_colors_info=&#8221;{}&#8221;][et_pb_column type=&#8221;1_4&#8243; _builder_version=&#8221;4.16&#8243; custom_padding=&#8221;|||&#8221; global_colors_info=&#8221;{}&#8221; custom_padding__hover=&#8221;|||&#8221;][et_pb_sidebar area=&#8221;et_pb_widget_area_1&#8243; disabled_on=&#8221;on|on|off&#8221; _builder_version=&#8221;4.16&#8243; background_color=&#8221;#f4f4f4&#8243; width=&#8221;120%&#8221; custom_margin=&#8221;|||-90px|false|false&#8221; custom_padding=&#8221;20px|20px||20px|false|true&#8221; global_colors_info=&#8221;{}&#8221;][\/et_pb_sidebar][et_pb_blurb title=&#8221;Kontakt&#8221; use_icon=&#8221;on&#8221; font_icon=&#8221;&#xe010;||divi||400&#8243; icon_color=&#8221;#009ee0&#8243; image_icon_width=&#8221;48px&#8221; icon_alignment=&#8221;left&#8221; disabled_on=&#8221;on|on|off&#8221; _builder_version=&#8221;4.16&#8243; header_font=&#8221;Open Sans Reg|||on|||||&#8221; header_font_size=&#8221;17px&#8221; header_letter_spacing=&#8221;2px&#8221; header_line_height=&#8221;1.5em&#8221; body_font=&#8221;||||||||&#8221; body_font_size=&#8221;13px&#8221; body_link_text_color=&#8221;#5b5b5b&#8221; background_color=&#8221;#f4f4f4&#8243; width=&#8221;120%&#8221; custom_margin=&#8221;|||-90px|false|false&#8221; custom_padding=&#8221;20px|20px|20px|20px|false|false&#8221; icon_font_size=&#8221;48px&#8221; global_colors_info=&#8221;{}&#8221;]<\/p>\n<p><span><br \/>\n  <strong>Biuro projektowe Merkin &amp; V\u00f6lker GmbH<br \/><\/strong><br \/>\n<\/span><span>Sch\u00e4ufeleinstra\u00dfe 5<\/span><br \/><span>80687 Monachium<\/span><\/p>\n<p><span>Tel: +49 (0)89 599 76 46-0<br \/><\/span><span>Mail: <a href=\"mailto:info@schaefer-merkin.com\">info@merkin-voelker.com<\/a><\/span><\/p>\n<p>Do <a href=\"https:\/\/www.merkin-voelker.com\/pl\/kontakt\/?lang=pl\">formularza kontaktowego<\/a><\/p>\n<p>[\/et_pb_blurb][\/et_pb_column][et_pb_column type=&#8221;3_4&#8243; specialty_columns=&#8221;3&#8243; _builder_version=&#8221;4.16&#8243; custom_padding=&#8221;|||&#8221; global_colors_info=&#8221;{}&#8221; custom_padding__hover=&#8221;|||&#8221;][et_pb_row_inner _builder_version=&#8221;4.16&#8243; width=&#8221;110%&#8221; width_tablet=&#8221;90%&#8221; width_phone=&#8221;100%&#8221; width_last_edited=&#8221;on|phone&#8221; max_width_tablet=&#8221;100%&#8221; max_width_phone=&#8221;&#8221; max_width_last_edited=&#8221;on|tablet&#8221; custom_margin_tablet=&#8221;&#8221; custom_margin_phone=&#8221;-50px||||false|false&#8221; custom_margin_last_edited=&#8221;on|phone&#8221; custom_padding=&#8221;||15px|||&#8221; global_colors_info=&#8221;{}&#8221;][et_pb_column_inner saved_specialty_column_type=&#8221;3_4&#8243; _builder_version=&#8221;4.16&#8243; global_colors_info=&#8221;{}&#8221;][et_pb_text content_phone=&#8221;<\/p>\n<h2>Gospodarka wodna w miastach\/odwadnianie miast<\/h2>\n<p>&#8221; content_last_edited=&#8221;off|phone&#8221; _builder_version=&#8221;4.16&#8243; header_2_font=&#8221;Open Sans bold||||||||&#8221; header_2_text_color=&#8221;#565656&#8243; header_2_font_size=&#8221;58px&#8221; header_2_letter_spacing=&#8221;-1px&#8221; header_2_line_height=&#8221;1.2em&#8221; custom_margin=&#8221;||13px|||&#8221; header_2_font_size_tablet=&#8221;40px&#8221; header_2_font_size_phone=&#8221;27px&#8221; header_2_font_size_last_edited=&#8221;on|tablet&#8221; global_colors_info=&#8221;{}&#8221;]<\/p>\n<h2>Koordynacja bezpiecze\u0144stwa i zdrowia<\/h2>\n<p>[\/et_pb_text][et_pb_divider color=&#8221;#009ee0&#8243; divider_weight=&#8221;7px&#8221; _builder_version=&#8221;4.16&#8243; width=&#8221;18%&#8221; module_alignment=&#8221;left&#8221; custom_padding=&#8221;10px||10px||true|false&#8221; global_colors_info=&#8221;{}&#8221;][\/et_pb_divider][\/et_pb_column_inner][\/et_pb_row_inner][et_pb_row_inner _builder_version=&#8221;4.16&#8243; width=&#8221;110%&#8221; width_tablet=&#8221;90%&#8221; width_phone=&#8221;100%&#8221; width_last_edited=&#8221;on|phone&#8221; max_width_tablet=&#8221;100%&#8221; max_width_phone=&#8221;&#8221; max_width_last_edited=&#8221;on|tablet&#8221; custom_padding=&#8221;2px|||||&#8221; global_colors_info=&#8221;{}&#8221;][et_pb_column_inner saved_specialty_column_type=&#8221;3_4&#8243; _builder_version=&#8221;4.16&#8243; global_colors_info=&#8221;{}&#8221;][et_pb_text _builder_version=&#8221;4.16&#8243; text_font=&#8221;Open Sans Reg||||||||&#8221; text_text_color=&#8221;#7c7c7c&#8221; text_font_size=&#8221;15px&#8221; text_line_height=&#8221;2em&#8221; link_text_color=&#8221;#7c7c7c&#8221; header_2_font=&#8221;Open Sans Semi Bold||||||||&#8221; header_2_text_color=&#8221;#6d6d6d&#8221; header_2_font_size=&#8221;33px&#8221; header_2_line_height=&#8221;1.5em&#8221; header_3_font=&#8221;Open Sans Semi Bold||||||||&#8221; header_3_text_color=&#8221;#6d6d6d&#8221; header_3_line_height=&#8221;1.5em&#8221; header_2_font_size_tablet=&#8221;29px&#8221; header_2_font_size_phone=&#8221;23px&#8221; header_2_font_size_last_edited=&#8221;on|tablet&#8221; header_2_line_height_tablet=&#8221;&#8221; header_2_line_height_phone=&#8221;1.3em&#8221; header_2_line_height_last_edited=&#8221;on|phone&#8221; header_3_font_size_tablet=&#8221;&#8221; header_3_font_size_phone=&#8221;20px&#8221; header_3_font_size_last_edited=&#8221;on|phone&#8221; global_colors_info=&#8221;{}&#8221;]<\/p>\n<p>Por\u00f3wnanie pracownik\u00f3w w budownictwie z pracownikami innych zawod\u00f3w pokazuje, \u017ce ci pierwsi s\u0105 nara\u017ceni na ogromnie wi\u0119ksze ryzyko wypadk\u00f3w. Po wej\u015bciu w \u017cycie w 1998 r. rozporz\u0105dzenia w sprawie bezpiecze\u0144stwa i higieny pracy na budowach (rozporz\u0105dzenie o budowach) w\u0142a\u015bciciele budynk\u00f3w, jako inicjatorzy inwestycji budowlanej, musz\u0105 zapewni\u0107 znaczn\u0105 popraw\u0119 bezpiecze\u0144stwa i ochrony zdrowia os\u00f3b pracuj\u0105cych na budowach. Aby wype\u0142ni\u0107 ten obowi\u0105zek, konieczne jest powo\u0142anie odpowiedniego koordynatora. Bezpiecze\u0144stwo wszystkich os\u00f3b zaanga\u017cowanych w proces budowy jest dla nas najwy\u017cszym priorytetem, dlatego jako <a href=\"\/\">biuro in\u017cynierskie z Monachium<\/a> ch\u0119tnie udost\u0119pnimy Pa\u0144stwu naszych wyszkolonych koordynator\u00f3w ds. bezpiecze\u0144stwa i higieny pracy dla Pa\u0144stwa projekt\u00f3w budowlanych.<span style=\"text-decoration: line-through\"><\/span><\/p>\n<p>Powo\u0142anie koordynatora jest zawsze konieczne, je\u015bli nale\u017cy si\u0119 spodziewa\u0107, \u017ce na jednej budowie b\u0119dzie pracowa\u0107 kilku pracodawc\u00f3w. Obejmuje to r\u00f3wnie\u017c korzystanie z podwykonawc\u00f3w, kt\u00f3rzy \u015bwiadcz\u0105 us\u0142ugi cz\u0105stkowe w zakresie ca\u0142ego dzia\u0142ania.<\/p>\n<p>Podstawowe warunki ramowe dla odpowiednich \u015brodk\u00f3w ochronnych powstaj\u0105 ju\u017c podczas planowania projektu.  <span style=\"text-decoration: line-through\"><\/span><\/p>\n<p>Podczas budowy koordynujemy nak\u0142adaj\u0105ce si\u0119 na siebie sekwencje prac pod k\u0105tem unikania zagro\u017ce\u0144 i sprawdzamy przestrzeganie \u015brodk\u00f3w bezpiecze\u0144stwa i higieny pracy. Podstaw\u0105 jest kompleksowa wiedza na temat proces\u00f3w budowlanych i czas\u00f3w budowy, a tak\u017ce stosowanych materia\u0142\u00f3w i proces\u00f3w z uwzgl\u0119dnieniem odpowiednich przepis\u00f3w. W zale\u017cno\u015bci od rodzaju i zakresu inwestycji budowlanej konieczne mo\u017ce by\u0107 r\u00f3wnie\u017c sporz\u0105dzenie i sta\u0142a aktualizacja planu bezpiecze\u0144stwa i ochrony zdrowia.<\/p>\n<p>Koordynacja bezpiecze\u0144stwa i higieny pracy na budowie wymaga intensywnych rozwa\u017ca\u0144 i wymaga zar\u00f3wno si\u0142 technicznych, jak i organizacyjnych. Zapewniamy sprawny i bezwypadkowy przebieg Pa\u0144stwa inwestycji budowlanej w celu ograniczenia przestoj\u00f3w i koszt\u00f3w. Porozmawiaj z nami o tym.<\/p>\n<p>[\/et_pb_text][\/et_pb_column_inner][\/et_pb_row_inner][et_pb_row_inner column_structure=&#8221;1_2,1_2&#8243; use_custom_gutter=&#8221;on&#8221; gutter_width=&#8221;2&#8243; custom_padding_last_edited=&#8221;on|tablet&#8221; module_class=&#8221;tablet-two-cols&#8221; _builder_version=&#8221;4.16&#8243; width=&#8221;110%&#8221; width_tablet=&#8221;90%&#8221; width_phone=&#8221;100%&#8221; width_last_edited=&#8221;on|phone&#8221; max_width_tablet=&#8221;100%&#8221; max_width_phone=&#8221;&#8221; max_width_last_edited=&#8221;on|tablet&#8221; custom_margin_tablet=&#8221;||0px||false|false&#8221; custom_margin_phone=&#8221;&#8221; custom_margin_last_edited=&#8221;on|tablet&#8221; custom_padding_tablet=&#8221;||0px||false|false&#8221; custom_padding_phone=&#8221;||20px||false|false&#8221; global_colors_info=&#8221;{}&#8221;][et_pb_column_inner type=&#8221;1_2&#8243; saved_specialty_column_type=&#8221;3_4&#8243; _builder_version=&#8221;4.16&#8243; global_colors_info=&#8221;{}&#8221;][et_pb_image src=&#8221;https:\/\/www.merkin-voelker.com\/wp-content\/uploads\/2020\/07\/Sicherheitskoordination.jpg&#8221; alt=&#8221;Koordynacja bezpiecze\u0144stwa&#8221; title_text=&#8221;Koordynacja bezpiecze\u0144stwa&#8221; _builder_version=&#8221;4.16&#8243; global_colors_info=&#8221;{}&#8221;][\/et_pb_image][\/et_pb_column_inner][et_pb_column_inner type=&#8221;1_2&#8243; saved_specialty_column_type=&#8221;3_4&#8243; _builder_version=&#8221;4.16&#8243; global_colors_info=&#8221;{}&#8221;][et_pb_image src=&#8221;https:\/\/www.merkin-voelker.com\/wp-content\/uploads\/2020\/07\/Ingenieurb\u00fcro-Tragwerksplanung.jpg&#8221; alt=&#8221;Bezpiecze\u0144stwo&#8221; title_text=&#8221;Bezpiecze\u0144stwo&#8221; _builder_version=&#8221;4.16&#8243; global_colors_info=&#8221;{}&#8221;][\/et_pb_image][\/et_pb_column_inner][\/et_pb_row_inner][\/et_pb_column][\/et_pb_section]<\/p>\n","protected":false},"excerpt":{"rendered":"<p>Koordynacja bezpiecze\u0144stwa i zdrowia Biuro projektowe Merkin &amp; V\u00f6lker GmbH Sch\u00e4ufeleinstra\u00dfe 580687 Monachium Tel: +49 (0)89 599 76 46-0Mail: info@merkin-voelker.com Do formularza kontaktowegoKoordynacja bezpiecze\u0144stwa i zdrowiaPor\u00f3wnanie pracownik\u00f3w w budownictwie z pracownikami innych zawod\u00f3w pokazuje, \u017ce ci pierwsi s\u0105 nara\u017ceni na ogromnie wi\u0119ksze ryzyko wypadk\u00f3w. Po wej\u015bciu w \u017cycie w 1998 r. rozporz\u0105dzenia w sprawie bezpiecze\u0144stwa i higieny pracy na budowach (rozporz\u0105dzenie o budowach) w\u0142a\u015bciciele budynk\u00f3w, jako inicjatorzy inwestycji budowlanej, musz\u0105 zapewni\u0107 znaczn\u0105 popraw\u0119 bezpiecze\u0144stwa i ochrony zdrowia os\u00f3b pracuj\u0105cych na budowach. Aby wype\u0142ni\u0107 ten obowi\u0105zek, konieczne jest powo\u0142anie odpowiedniego koordynatora. Bezpiecze\u0144stwo wszystkich os\u00f3b zaanga\u017cowanych w proces budowy jest dla nas najwy\u017cszym priorytetem, dlatego jako biuro in\u017cynierskie z Monachium ch\u0119tnie udost\u0119pnimy Pa\u0144stwu naszych wyszkolonych koordynator\u00f3w ds. bezpiecze\u0144stwa i higieny pracy dla Pa\u0144stwa projekt\u00f3w budowlanych. Powo\u0142anie koordynatora jest zawsze konieczne, je\u015bli nale\u017cy si\u0119 spodziewa\u0107, \u017ce na jednej budowie b\u0119dzie pracowa\u0107 kilku pracodawc\u00f3w. Obejmuje to r\u00f3wnie\u017c korzystanie z podwykonawc\u00f3w, kt\u00f3rzy \u015bwiadcz\u0105 us\u0142ugi cz\u0105stkowe w zakresie ca\u0142ego dzia\u0142ania. Podstawowe warunki ramowe dla odpowiednich \u015brodk\u00f3w ochronnych powstaj\u0105 ju\u017c podczas planowania projektu. Podczas budowy koordynujemy nak\u0142adaj\u0105ce si\u0119 na siebie sekwencje prac pod k\u0105tem unikania zagro\u017ce\u0144 i sprawdzamy przestrzeganie \u015brodk\u00f3w bezpiecze\u0144stwa i higieny pracy. Podstaw\u0105 jest kompleksowa wiedza na temat proces\u00f3w budowlanych i czas\u00f3w budowy, a tak\u017ce [&hellip;]<\/p>\n","protected":false},"author":1,"featured_media":0,"parent":271146,"menu_order":0,"comment_status":"closed","ping_status":"closed","template":"","meta":{"_et_pb_use_builder":"on","_et_pb_old_content":"<!-- wp:divi\/placeholder \/-->","_et_gb_content_width":"","footnotes":""},"class_list":["post-271174","page","type-page","status-publish","hentry"],"_links":{"self":[{"href":"https:\/\/www.merkin-voelker.com\/pl\/wp-json\/wp\/v2\/pages\/271174","targetHints":{"allow":["GET"]}}],"collection":[{"href":"https:\/\/www.merkin-voelker.com\/pl\/wp-json\/wp\/v2\/pages"}],"about":[{"href":"https:\/\/www.merkin-voelker.com\/pl\/wp-json\/wp\/v2\/types\/page"}],"author":[{"embeddable":true,"href":"https:\/\/www.merkin-voelker.com\/pl\/wp-json\/wp\/v2\/users\/1"}],"replies":[{"embeddable":true,"href":"https:\/\/www.merkin-voelker.com\/pl\/wp-json\/wp\/v2\/comments?post=271174"}],"version-history":[{"count":0,"href":"https:\/\/www.merkin-voelker.com\/pl\/wp-json\/wp\/v2\/pages\/271174\/revisions"}],"up":[{"embeddable":true,"href":"https:\/\/www.merkin-voelker.com\/pl\/wp-json\/wp\/v2\/pages\/271146"}],"wp:attachment":[{"href":"https:\/\/www.merkin-voelker.com\/pl\/wp-json\/wp\/v2\/media?parent=271174"}],"curies":[{"name":"wp","href":"https:\/\/api.w.org\/{rel}","templated":true}]}}