{"id":271171,"date":"2023-03-10T11:27:03","date_gmt":"2023-03-10T10:27:03","guid":{"rendered":"https:\/\/merkin-voelker.com\/uslugi\/gis\/"},"modified":"2023-03-10T11:27:03","modified_gmt":"2023-03-10T10:27:03","slug":"gis","status":"publish","type":"page","link":"https:\/\/www.merkin-voelker.com\/pl\/uslugi\/gis\/","title":{"rendered":"GIS"},"content":{"rendered":"<p>[et_pb_section fb_built=&#8221;1&#8243; custom_padding_last_edited=&#8221;on|phone&#8221; module_class=&#8221;leistungen-overlay dtb-mobile-parallax&#8221; _builder_version=&#8221;4.16&#8243; background_color=&#8221;rgba(0,45,64,0.5)&#8221; background_image=&#8221;https:\/\/www.merkin-voelker.com\/wp-content\/uploads\/2020\/06\/GIS-Geoinformationssysteme.jpg&#8221; parallax=&#8221;on&#8221; parallax_method=&#8221;off&#8221; custom_padding=&#8221;135px||112px|||&#8221; custom_padding_tablet=&#8221;&#8221; custom_padding_phone=&#8221;70px||70px||true|false&#8221; background_last_edited=&#8221;on|tablet&#8221; parallax_method_tablet=&#8221;on&#8221; global_colors_info=&#8221;{}&#8221;][et_pb_row _builder_version=&#8221;4.16&#8243; width=&#8221;100%&#8221; width_tablet=&#8221;90%&#8221; width_phone=&#8221;&#8221; width_last_edited=&#8221;on|phone&#8221; max_width=&#8221;none&#8221; max_width_tablet=&#8221;100%&#8221; max_width_phone=&#8221;&#8221; max_width_last_edited=&#8221;on|tablet&#8221; custom_margin=&#8221;|auto|-20px|auto||&#8221; custom_padding=&#8221;||16px|||&#8221; global_colors_info=&#8221;{}&#8221;][et_pb_column type=&#8221;4_4&#8243; _builder_version=&#8221;4.16&#8243; global_colors_info=&#8221;{}&#8221;][et_pb_text content_phone=&#8221;<\/p>\n<h1>Odwadnianie osad\u00f3w<\/h1>\n<p>&#8221; content_last_edited=&#8221;off|desktop&#8221; _builder_version=&#8221;4.16&#8243; header_font=&#8221;Open Sans Reg|||on|||||&#8221; header_text_color=&#8221;#ffffff&#8221; header_font_size=&#8221;36px&#8221; header_letter_spacing=&#8221;2px&#8221; animation_style=&#8221;slide&#8221; animation_direction=&#8221;top&#8221; animation_duration=&#8221;2000ms&#8221; animation_delay=&#8221;100ms&#8221; header_font_size_tablet=&#8221;&#8221; header_font_size_phone=&#8221;30px&#8221; header_font_size_last_edited=&#8221;on|phone&#8221; header_letter_spacing_tablet=&#8221;&#8221; header_letter_spacing_phone=&#8221;1px&#8221; header_letter_spacing_last_edited=&#8221;on|phone&#8221; header_line_height_tablet=&#8221;&#8221; header_line_height_phone=&#8221;1.4em&#8221; header_line_height_last_edited=&#8221;on|phone&#8221; global_colors_info=&#8221;{}&#8221;]<\/p>\n<h1 style=\"text-align: center\">Systemy geoinformacyjne (GIS)  <\/h1>\n<p>[\/et_pb_text][et_pb_divider color=&#8221;#009ee0&#8243; divider_weight=&#8221;6px&#8221; _builder_version=&#8221;4.16&#8243; width=&#8221;7%&#8221; module_alignment=&#8221;center&#8221; animation_style=&#8221;slide&#8221; animation_direction=&#8221;bottom&#8221; animation_duration=&#8221;2000ms&#8221; animation_delay=&#8221;550ms&#8221; global_colors_info=&#8221;{}&#8221;][\/et_pb_divider][\/et_pb_column][\/et_pb_row][\/et_pb_section][et_pb_section fb_built=&#8221;1&#8243; specialty=&#8221;on&#8221; custom_padding_last_edited=&#8221;on|tablet&#8221; _builder_version=&#8221;4.16&#8243; background_color=&#8221;rgba(244,244,244,0)&#8221; inner_width_tablet=&#8221;90%&#8221; inner_width_phone=&#8221;&#8221; inner_width_last_edited=&#8221;on|tablet&#8221; custom_margin=&#8221;||||false|false&#8221; custom_margin_tablet=&#8221;||-20px||false|false&#8221; custom_margin_last_edited=&#8221;off|desktop&#8221; custom_padding_tablet=&#8221;||0px||false|false&#8221; custom_padding_phone=&#8221;&#8221; global_colors_info=&#8221;{}&#8221;][et_pb_column type=&#8221;1_4&#8243; _builder_version=&#8221;4.16&#8243; custom_padding=&#8221;|||&#8221; global_colors_info=&#8221;{}&#8221; custom_padding__hover=&#8221;|||&#8221;][et_pb_sidebar area=&#8221;et_pb_widget_area_1&#8243; disabled_on=&#8221;on|on|off&#8221; _builder_version=&#8221;4.16&#8243; background_color=&#8221;#f4f4f4&#8243; width=&#8221;120%&#8221; custom_margin=&#8221;|||-90px|false|false&#8221; custom_padding=&#8221;20px|20px||20px|false|true&#8221; global_colors_info=&#8221;{}&#8221;][\/et_pb_sidebar][et_pb_blurb title=&#8221;Kontakt&#8221; use_icon=&#8221;on&#8221; font_icon=&#8221;&#xe010;||divi||400&#8243; icon_color=&#8221;#009ee0&#8243; image_icon_width=&#8221;48px&#8221; icon_alignment=&#8221;left&#8221; disabled_on=&#8221;on|on|off&#8221; _builder_version=&#8221;4.17.6&#8243; header_font=&#8221;Open Sans Reg|||on|||||&#8221; header_font_size=&#8221;17px&#8221; header_letter_spacing=&#8221;2px&#8221; header_line_height=&#8221;1.5em&#8221; body_font=&#8221;||||||||&#8221; body_font_size=&#8221;13px&#8221; body_link_text_color=&#8221;#5b5b5b&#8221; background_color=&#8221;#f4f4f4&#8243; width=&#8221;120%&#8221; custom_margin=&#8221;|||-90px|false|false&#8221; custom_padding=&#8221;20px|20px|20px|20px|false|false&#8221; icon_font_size=&#8221;48px&#8221; global_colors_info=&#8221;{}&#8221;]<\/p>\n<p><span><br \/>\n  <strong>Biuro projektowe Merkin &amp; V\u00f6lker GmbH<br \/><\/strong><br \/>\n<\/span><span>Sch\u00e4ufeleinstra\u00dfe 5<\/span><br \/><span>80687 Monachium<\/span><\/p>\n<p><span>Tel: +49 (0)89 599 76 46-0<br \/><\/span><span>Mail: <a href=\"mailto:info@schaefer-merkin.com\">info@merkin-voelker.com<\/a><\/span><\/p>\n<p>Do <a href=\"https:\/\/www.merkin-voelker.com\/pl\/kontakt\/?lang=pl\">formularza kontaktowego<\/a><\/p>\n<p>[\/et_pb_blurb][\/et_pb_column][et_pb_column type=&#8221;3_4&#8243; specialty_columns=&#8221;3&#8243; _builder_version=&#8221;4.16&#8243; custom_padding=&#8221;|||&#8221; global_colors_info=&#8221;{}&#8221; custom_padding__hover=&#8221;|||&#8221;][et_pb_row_inner _builder_version=&#8221;4.16&#8243; width=&#8221;110%&#8221; width_tablet=&#8221;90%&#8221; width_phone=&#8221;100%&#8221; width_last_edited=&#8221;on|phone&#8221; max_width_tablet=&#8221;100%&#8221; max_width_phone=&#8221;&#8221; max_width_last_edited=&#8221;on|tablet&#8221; custom_margin_tablet=&#8221;&#8221; custom_margin_phone=&#8221;-50px||||false|false&#8221; custom_margin_last_edited=&#8221;on|phone&#8221; custom_padding=&#8221;||15px|||&#8221; global_colors_info=&#8221;{}&#8221;][et_pb_column_inner saved_specialty_column_type=&#8221;3_4&#8243; _builder_version=&#8221;4.16&#8243; global_colors_info=&#8221;{}&#8221;][et_pb_text content_phone=&#8221;<\/p>\n<h2>Gospodarka wodna w miastach\/odwadnianie miast<\/h2>\n<p>&#8221; content_last_edited=&#8221;off|phone&#8221; _builder_version=&#8221;4.16&#8243; header_2_font=&#8221;Open Sans bold||||||||&#8221; header_2_text_color=&#8221;#565656&#8243; header_2_font_size=&#8221;58px&#8221; header_2_letter_spacing=&#8221;-1px&#8221; header_2_line_height=&#8221;1.2em&#8221; custom_margin=&#8221;||13px|||&#8221; header_2_font_size_tablet=&#8221;40px&#8221; header_2_font_size_phone=&#8221;27px&#8221; header_2_font_size_last_edited=&#8221;on|tablet&#8221; global_colors_info=&#8221;{}&#8221;]<\/p>\n<h2>Systemy geoinformacyjne (GIS)<\/h2>\n<p>[\/et_pb_text][et_pb_divider color=&#8221;#009ee0&#8243; divider_weight=&#8221;7px&#8221; _builder_version=&#8221;4.16&#8243; width=&#8221;18%&#8221; module_alignment=&#8221;left&#8221; custom_padding=&#8221;10px||10px||true|false&#8221; global_colors_info=&#8221;{}&#8221;][\/et_pb_divider][\/et_pb_column_inner][\/et_pb_row_inner][et_pb_row_inner _builder_version=&#8221;4.16&#8243; width=&#8221;110%&#8221; width_tablet=&#8221;90%&#8221; width_phone=&#8221;100%&#8221; width_last_edited=&#8221;on|phone&#8221; max_width_tablet=&#8221;100%&#8221; max_width_phone=&#8221;&#8221; max_width_last_edited=&#8221;on|tablet&#8221; custom_padding=&#8221;2px|||||&#8221; global_colors_info=&#8221;{}&#8221;][et_pb_column_inner saved_specialty_column_type=&#8221;3_4&#8243; _builder_version=&#8221;4.16&#8243; global_colors_info=&#8221;{}&#8221;][et_pb_text _builder_version=&#8221;4.16&#8243; text_font=&#8221;Open Sans Reg||||||||&#8221; text_text_color=&#8221;#7c7c7c&#8221; text_font_size=&#8221;15px&#8221; text_line_height=&#8221;2em&#8221; link_text_color=&#8221;#7c7c7c&#8221; header_2_font=&#8221;Open Sans Semi Bold||||||||&#8221; header_2_text_color=&#8221;#6d6d6d&#8221; header_2_font_size=&#8221;33px&#8221; header_2_line_height=&#8221;1.5em&#8221; header_3_font=&#8221;Open Sans Semi Bold||||||||&#8221; header_3_text_color=&#8221;#6d6d6d&#8221; header_3_line_height=&#8221;1.5em&#8221; header_2_font_size_tablet=&#8221;29px&#8221; header_2_font_size_phone=&#8221;23px&#8221; header_2_font_size_last_edited=&#8221;on|tablet&#8221; header_2_line_height_tablet=&#8221;&#8221; header_2_line_height_phone=&#8221;1.3em&#8221; header_2_line_height_last_edited=&#8221;on|phone&#8221; header_3_font_size_tablet=&#8221;&#8221; header_3_font_size_phone=&#8221;20px&#8221; header_3_font_size_last_edited=&#8221;on|phone&#8221; global_colors_info=&#8221;{}&#8221;]<\/p>\n<p>  &#8230;odnosi si\u0119 do systemu informacji geograficznej opartego na danych. Informacje przestrzenne i istotne dla krajobrazu s\u0105 gromadzone, \u0142\u0105czone i przetwarzane. Baza ta pomaga m.in. geografom, le\u015bnikom, in\u017cynierom, kierownikom budowy i innym grupom zawodowym w planowaniu, realizacji projekt\u00f3w i walidacji ich pracy. <span>Nasze biuro partnerskie &#8211; Ingenieurb\u00fcro V\u00f6lker &#8211; jest odpowiedzialne za g\u0142\u00f3wny temat GIS. <\/span> <a href=\"\/\">Biuro in\u017cynierskie <\/a>pomaga Pa\u0144stwu w zakresie system\u00f3w geoinformacyjnych w charakterze doradczym, przedstawiaj\u0105c przemy\u015blane koncepcje i aktywnie uczestnicz\u0105c w ich rozwoju.<\/p>\n<h2><span>Administracja\/Zarz\u0105dzanie  <\/span><\/h2>\n<h3>Tworzenie i w\u0142\u0105czanie\/ przechowywanie i przekszta\u0142canie<\/h3>\n<p>Budowa systemu geoinformacyjnego polega na gromadzeniu i w\u0142\u0105czaniu do niego danych istotnych przestrzennie. W zale\u017cno\u015bci od potrzeby i perspektywy, niemal wszystkie dane mo\u017cna ze sob\u0105 powi\u0105za\u0107 i analizowa\u0107. Dzi\u0119ki temu mo\u017cemy rzetelnie administrowa\u0107 i odpowiedzialnie zarz\u0105dza\u0107 Pa\u0144stwa danymi.<\/p>\n<h3>Utrzymanie bazy danych i prezentacja\/aktualizacja danych<\/h3>\n<p>Poprzez nasze gromadzenie i w\u0142\u0105czanie danych geodezyjnych mo\u017cliwe s\u0105 wizualne i interdyscyplinarne reprezentacje przy pomocy oprogramowania geograficznego. Bie\u017c\u0105ce utrzymanie bazy danych rejestruje zmiany i odnosi je do danych, tworz\u0105c dynamiczny proces. Dzi\u0119ki temu mo\u017cna \u0142atwo wizualizowa\u0107 zar\u00f3wno koncepcje, jak i plany oraz uzyska\u0107 wiele poziom\u00f3w informacji z najwy\u017csz\u0105 precyzj\u0105 w tym samym czasie.<\/p>\n<h3>Wymiana danych niezale\u017cna od formatu<\/h3>\n<p>Wymiana danych, kt\u00f3ra odbywa si\u0119 za pomoc\u0105 GIS, dzia\u0142a we wszystkich powszechnie stosowanych formatach, co wp\u0142ywa korzystnie na nasz\u0105 rzeteln\u0105 ocen\u0119 informacji. Na podstawie cyfrowej mapy katastralnej, ortofotomapy i urz\u0119dowej ewidencji nieruchomo\u015bci (ALB) zakres mo\u017cliwych do gromadzenia i zarz\u0105dzania danymi w tym zakresie jest ogromny.<\/p>\n<p>[\/et_pb_text][\/et_pb_column_inner][\/et_pb_row_inner][et_pb_row_inner column_structure=&#8221;1_2,1_2&#8243; use_custom_gutter=&#8221;on&#8221; gutter_width=&#8221;2&#8243; custom_padding_last_edited=&#8221;on|tablet&#8221; module_class=&#8221;tablet-two-cols&#8221; _builder_version=&#8221;4.16&#8243; width=&#8221;110%&#8221; width_tablet=&#8221;90%&#8221; width_phone=&#8221;100%&#8221; width_last_edited=&#8221;on|phone&#8221; max_width_tablet=&#8221;100%&#8221; max_width_phone=&#8221;&#8221; max_width_last_edited=&#8221;on|tablet&#8221; custom_margin_tablet=&#8221;||0px||false|false&#8221; custom_margin_phone=&#8221;&#8221; custom_margin_last_edited=&#8221;on|tablet&#8221; custom_padding_tablet=&#8221;||0px||false|false&#8221; custom_padding_phone=&#8221;||20px||false|false&#8221; global_colors_info=&#8221;{}&#8221;][et_pb_column_inner type=&#8221;1_2&#8243; saved_specialty_column_type=&#8221;3_4&#8243; _builder_version=&#8221;4.16&#8243; global_colors_info=&#8221;{}&#8221;][et_pb_image src=&#8221;https:\/\/www.merkin-voelker.com\/wp-content\/uploads\/2020\/06\/GIS.jpg&#8221; alt=&#8221;GIS&#8221; title_text=&#8221;GIS&#8221; _builder_version=&#8221;4.16&#8243; global_colors_info=&#8221;{}&#8221;][\/et_pb_image][\/et_pb_column_inner][et_pb_column_inner type=&#8221;1_2&#8243; saved_specialty_column_type=&#8221;3_4&#8243; _builder_version=&#8221;4.16&#8243; global_colors_info=&#8221;{}&#8221;][et_pb_image src=&#8221;https:\/\/www.merkin-voelker.com\/wp-content\/uploads\/2020\/06\/Ingenieurb\u00fcro-GIS.jpg&#8221; alt=&#8221;Biuro in\u017cynierskie GIS&#8221; title_text=&#8221;GIS&#8221; _builder_version=&#8221;4.16&#8243; global_colors_info=&#8221;{}&#8221;][\/et_pb_image][\/et_pb_column_inner][\/et_pb_row_inner][et_pb_row_inner _builder_version=&#8221;4.16&#8243; width=&#8221;110%&#8221; width_tablet=&#8221;90%&#8221; width_phone=&#8221;100%&#8221; width_last_edited=&#8221;on|phone&#8221; max_width_tablet=&#8221;100%&#8221; max_width_phone=&#8221;&#8221; max_width_last_edited=&#8221;on|tablet&#8221; custom_margin=&#8221;20px||||false|false&#8221; custom_padding=&#8221;2px|||||&#8221; global_colors_info=&#8221;{}&#8221;][et_pb_column_inner saved_specialty_column_type=&#8221;3_4&#8243; _builder_version=&#8221;4.16&#8243; global_colors_info=&#8221;{}&#8221;][et_pb_text _builder_version=&#8221;4.16&#8243; text_font=&#8221;Open Sans Reg||||||||&#8221; text_text_color=&#8221;#7c7c7c&#8221; text_font_size=&#8221;15px&#8221; text_line_height=&#8221;2em&#8221; header_2_font=&#8221;Open Sans Semi Bold||||||||&#8221; header_2_text_color=&#8221;#6d6d6d&#8221; header_2_font_size=&#8221;33px&#8221; header_2_line_height=&#8221;1.5em&#8221; header_3_font=&#8221;Open Sans Semi Bold||||||||&#8221; header_3_text_color=&#8221;#6d6d6d&#8221; header_3_line_height=&#8221;1.5em&#8221; header_2_font_size_tablet=&#8221;29px&#8221; header_2_font_size_phone=&#8221;23px&#8221; header_2_font_size_last_edited=&#8221;on|tablet&#8221; header_2_line_height_tablet=&#8221;&#8221; header_2_line_height_phone=&#8221;1.3em&#8221; header_2_line_height_last_edited=&#8221;on|phone&#8221; header_3_font_size_tablet=&#8221;&#8221; header_3_font_size_phone=&#8221;20px&#8221; header_3_font_size_last_edited=&#8221;on|phone&#8221; global_colors_info=&#8221;{}&#8221;]<\/p>\n<h1><span>Sie\u0107 kanalizacyjna<\/span><\/h1>\n<h3>Cadastre<\/h3>\n<p>W ramach tej pozycji utrwala si\u0119 i wizualizuje na szerokim obszarze kszta\u0142t, wielko\u015b\u0107, lokalne po\u0142o\u017cenie, spos\u00f3b u\u017cytkowania i w\u0142asno\u015b\u0107 nieruchomo\u015bci, czyli grunt\u00f3w i budynk\u00f3w. Dzi\u0119ki zastosowaniu nowoczesnego oprogramowania GIS gromadzimy baz\u0119 danych, kt\u00f3ra zawiera istotne informacje o Pa\u0144stwa sieci kanalizacyjnej i umo\u017cliwia przede wszystkim stworzenie rejestru kanalizacji.<\/p>\n<h3>Klasy uszkodze\u0144 \/ ocena<\/h3>\n<p>Dzi\u0119ki stworzeniu rejestru kanalizacji mo\u017cemy opr\u00f3cz zakresu przeanalizowa\u0107 struktur\u0119 i stan sieci kanalizacyjnej. Wszelkie szkody s\u0105 rejestrowane, klasyfikowane i oceniane na podstawie uzyskanych danych. Ka\u017cda nieruchomo\u015b\u0107 podlega indywidualnym warunkom i \u015brodowiskom. To w\u0142a\u015bnie dzi\u0119ki naszym us\u0142ugom staj\u0105 si\u0119 one namacalne, widoczne i mo\u017cliwe do wykorzystania.<\/p>\n<h3>Ocena<\/h3>\n<p>Biuro in\u017cynierskie V\u00f6lker GmbH &amp; Co KG na podstawie zebranych danych mo\u017ce przedstawi\u0107 wiarygodne zestawienia do planowania i oblicze\u0144. Mo\u017cna to wykorzysta\u0107 mi\u0119dzy innymi do oceny projekt\u00f3w pod k\u0105tem ochrony lub rehabilitacji.<\/p>\n<p>[\/et_pb_text][\/et_pb_column_inner][\/et_pb_row_inner][et_pb_row_inner column_structure=&#8221;1_2,1_2&#8243; use_custom_gutter=&#8221;on&#8221; gutter_width=&#8221;2&#8243; custom_padding_last_edited=&#8221;on|tablet&#8221; module_class=&#8221;tablet-two-cols&#8221; _builder_version=&#8221;4.16&#8243; width=&#8221;110%&#8221; width_tablet=&#8221;90%&#8221; width_phone=&#8221;100%&#8221; width_last_edited=&#8221;on|phone&#8221; max_width_tablet=&#8221;100%&#8221; max_width_phone=&#8221;&#8221; max_width_last_edited=&#8221;on|tablet&#8221; custom_padding_tablet=&#8221;||0px||false|false&#8221; custom_padding_phone=&#8221;||20px||false|false&#8221; global_colors_info=&#8221;{}&#8221;][et_pb_column_inner type=&#8221;1_2&#8243; saved_specialty_column_type=&#8221;3_4&#8243; _builder_version=&#8221;4.16&#8243; global_colors_info=&#8221;{}&#8221;][et_pb_image src=&#8221;https:\/\/www.merkin-voelker.com\/wp-content\/uploads\/2020\/06\/Stadtkarte.jpg&#8221; alt=&#8221;Mapa miasta&#8221; title_text=&#8221;Mapa miasta&#8221; _builder_version=&#8221;4.16&#8243; global_colors_info=&#8221;{}&#8221;][\/et_pb_image][\/et_pb_column_inner][et_pb_column_inner type=&#8221;1_2&#8243; saved_specialty_column_type=&#8221;3_4&#8243; _builder_version=&#8221;4.16&#8243; global_colors_info=&#8221;{}&#8221;][et_pb_image src=&#8221;https:\/\/www.merkin-voelker.com\/wp-content\/uploads\/2020\/06\/Geoinformationssysteme.jpg&#8221; alt=&#8221;Systemy geoinformacyjne&#8221; title_text=&#8221;Systemy geoinformacyjne&#8221; _builder_version=&#8221;4.16&#8243; global_colors_info=&#8221;{}&#8221;][\/et_pb_image][\/et_pb_column_inner][\/et_pb_row_inner][\/et_pb_column][\/et_pb_section]<\/p>\n","protected":false},"excerpt":{"rendered":"<p>Systemy geoinformacyjne (GIS) Biuro projektowe Merkin &amp; V\u00f6lker GmbH Sch\u00e4ufeleinstra\u00dfe 580687 Monachium Tel: +49 (0)89 599 76 46-0Mail: info@merkin-voelker.com Do formularza kontaktowegoSystemy geoinformacyjne (GIS) &#8230;odnosi si\u0119 do systemu informacji geograficznej opartego na danych. Informacje przestrzenne i istotne dla krajobrazu s\u0105 gromadzone, \u0142\u0105czone i przetwarzane. Baza ta pomaga m.in. geografom, le\u015bnikom, in\u017cynierom, kierownikom budowy i innym grupom zawodowym w planowaniu, realizacji projekt\u00f3w i walidacji ich pracy. Nasze biuro partnerskie &#8211; Ingenieurb\u00fcro V\u00f6lker &#8211; jest odpowiedzialne za g\u0142\u00f3wny temat GIS. Biuro in\u017cynierskie pomaga Pa\u0144stwu w zakresie system\u00f3w geoinformacyjnych w charakterze doradczym, przedstawiaj\u0105c przemy\u015blane koncepcje i aktywnie uczestnicz\u0105c w ich rozwoju. Administracja\/Zarz\u0105dzanie Tworzenie i w\u0142\u0105czanie\/ przechowywanie i przekszta\u0142canie Budowa systemu geoinformacyjnego polega na gromadzeniu i w\u0142\u0105czaniu do niego danych istotnych przestrzennie. W zale\u017cno\u015bci od potrzeby i perspektywy, niemal wszystkie dane mo\u017cna ze sob\u0105 powi\u0105za\u0107 i analizowa\u0107. Dzi\u0119ki temu mo\u017cemy rzetelnie administrowa\u0107 i odpowiedzialnie zarz\u0105dza\u0107 Pa\u0144stwa danymi. Utrzymanie bazy danych i prezentacja\/aktualizacja danych Poprzez nasze gromadzenie i w\u0142\u0105czanie danych geodezyjnych mo\u017cliwe s\u0105 wizualne i interdyscyplinarne reprezentacje przy pomocy oprogramowania geograficznego. Bie\u017c\u0105ce utrzymanie bazy danych rejestruje zmiany i odnosi je do danych, tworz\u0105c dynamiczny proces. Dzi\u0119ki temu mo\u017cna \u0142atwo wizualizowa\u0107 zar\u00f3wno koncepcje, jak i plany oraz uzyska\u0107 wiele poziom\u00f3w informacji z najwy\u017csz\u0105 precyzj\u0105 w tym [&hellip;]<\/p>\n","protected":false},"author":1,"featured_media":0,"parent":271146,"menu_order":0,"comment_status":"closed","ping_status":"closed","template":"","meta":{"_et_pb_use_builder":"on","_et_pb_old_content":"<!-- wp:divi\/placeholder \/-->","_et_gb_content_width":"","footnotes":""},"class_list":["post-271171","page","type-page","status-publish","hentry"],"_links":{"self":[{"href":"https:\/\/www.merkin-voelker.com\/pl\/wp-json\/wp\/v2\/pages\/271171","targetHints":{"allow":["GET"]}}],"collection":[{"href":"https:\/\/www.merkin-voelker.com\/pl\/wp-json\/wp\/v2\/pages"}],"about":[{"href":"https:\/\/www.merkin-voelker.com\/pl\/wp-json\/wp\/v2\/types\/page"}],"author":[{"embeddable":true,"href":"https:\/\/www.merkin-voelker.com\/pl\/wp-json\/wp\/v2\/users\/1"}],"replies":[{"embeddable":true,"href":"https:\/\/www.merkin-voelker.com\/pl\/wp-json\/wp\/v2\/comments?post=271171"}],"version-history":[{"count":0,"href":"https:\/\/www.merkin-voelker.com\/pl\/wp-json\/wp\/v2\/pages\/271171\/revisions"}],"up":[{"embeddable":true,"href":"https:\/\/www.merkin-voelker.com\/pl\/wp-json\/wp\/v2\/pages\/271146"}],"wp:attachment":[{"href":"https:\/\/www.merkin-voelker.com\/pl\/wp-json\/wp\/v2\/media?parent=271171"}],"curies":[{"name":"wp","href":"https:\/\/api.w.org\/{rel}","templated":true}]}}