{"id":271149,"date":"2023-03-10T11:19:26","date_gmt":"2023-03-10T10:19:26","guid":{"rendered":"https:\/\/merkin-voelker.com\/uslugi\/inzynieria-wodna\/"},"modified":"2023-03-10T11:20:44","modified_gmt":"2023-03-10T10:20:44","slug":"inzynieria-wodna","status":"publish","type":"page","link":"https:\/\/www.merkin-voelker.com\/pl\/uslugi\/inzynieria-wodna\/","title":{"rendered":"In\u017cynieria wodna"},"content":{"rendered":"<p>[et_pb_section fb_built=&#8221;1&#8243; custom_padding_last_edited=&#8221;on|phone&#8221; module_class=&#8221;leistungen-overlay dtb-mobile-parallax&#8221; _builder_version=&#8221;4.16&#8243; background_color=&#8221;rgba(0,45,64,0.5)&#8221; background_image=&#8221;https:\/\/www.merkin-voelker.com\/wp-content\/uploads\/2020\/06\/Wasserbau-Ingenieurb\u00fcro-1.jpg&#8221; parallax=&#8221;on&#8221; parallax_method=&#8221;off&#8221; custom_padding=&#8221;135px||112px|||&#8221; custom_padding_tablet=&#8221;&#8221; custom_padding_phone=&#8221;70px||70px||true|false&#8221; background_last_edited=&#8221;on|tablet&#8221; parallax_method_tablet=&#8221;on&#8221; global_colors_info=&#8221;{}&#8221; background__hover_enabled=&#8221;off|desktop&#8221;][et_pb_row _builder_version=&#8221;4.16&#8243; width=&#8221;100%&#8221; width_tablet=&#8221;90%&#8221; width_phone=&#8221;&#8221; width_last_edited=&#8221;on|phone&#8221; max_width=&#8221;none&#8221; max_width_tablet=&#8221;100%&#8221; max_width_phone=&#8221;&#8221; max_width_last_edited=&#8221;on|tablet&#8221; custom_margin=&#8221;|auto|-20px|auto||&#8221; custom_padding=&#8221;||16px|||&#8221; global_colors_info=&#8221;{}&#8221;][et_pb_column type=&#8221;4_4&#8243; _builder_version=&#8221;4.16&#8243; global_colors_info=&#8221;{}&#8221;][et_pb_text content_phone=&#8221;<\/p>\n<h1>Odwadnianie osad\u00f3w<\/h1>\n<p>&#8221; content_last_edited=&#8221;off|desktop&#8221; _builder_version=&#8221;4.16&#8243; header_font=&#8221;Open Sans Reg|||on|||||&#8221; header_text_color=&#8221;#ffffff&#8221; header_font_size=&#8221;36px&#8221; header_letter_spacing=&#8221;2px&#8221; animation_style=&#8221;slide&#8221; animation_direction=&#8221;top&#8221; animation_duration=&#8221;2000ms&#8221; animation_delay=&#8221;100ms&#8221; header_font_size_tablet=&#8221;&#8221; header_font_size_phone=&#8221;30px&#8221; header_font_size_last_edited=&#8221;on|phone&#8221; header_letter_spacing_tablet=&#8221;&#8221; header_letter_spacing_phone=&#8221;1px&#8221; header_letter_spacing_last_edited=&#8221;on|phone&#8221; header_line_height_tablet=&#8221;&#8221; header_line_height_phone=&#8221;1.4em&#8221; header_line_height_last_edited=&#8221;on|phone&#8221; global_colors_info=&#8221;{}&#8221;]<\/p>\n<h1 style=\"text-align: center\">In\u017cynieria wodna<\/h1>\n<p>[\/et_pb_text][et_pb_divider color=&#8221;#009ee0&#8243; divider_weight=&#8221;6px&#8221; _builder_version=&#8221;4.16&#8243; width=&#8221;7%&#8221; module_alignment=&#8221;center&#8221; animation_style=&#8221;slide&#8221; animation_direction=&#8221;bottom&#8221; animation_duration=&#8221;2000ms&#8221; animation_delay=&#8221;550ms&#8221; global_colors_info=&#8221;{}&#8221;][\/et_pb_divider][\/et_pb_column][\/et_pb_row][\/et_pb_section][et_pb_section fb_built=&#8221;1&#8243; specialty=&#8221;on&#8221; custom_padding_last_edited=&#8221;on|tablet&#8221; _builder_version=&#8221;4.16&#8243; background_color=&#8221;rgba(244,244,244,0)&#8221; inner_width_tablet=&#8221;90%&#8221; inner_width_phone=&#8221;&#8221; inner_width_last_edited=&#8221;on|tablet&#8221; custom_margin=&#8221;||||false|false&#8221; custom_margin_tablet=&#8221;||-20px||false|false&#8221; custom_margin_last_edited=&#8221;off|desktop&#8221; custom_padding_tablet=&#8221;||0px||false|false&#8221; custom_padding_phone=&#8221;&#8221; global_colors_info=&#8221;{}&#8221;][et_pb_column type=&#8221;1_4&#8243; _builder_version=&#8221;4.16&#8243; custom_padding=&#8221;|||&#8221; global_colors_info=&#8221;{}&#8221; custom_padding__hover=&#8221;|||&#8221;][et_pb_sidebar area=&#8221;et_pb_widget_area_1&#8243; disabled_on=&#8221;on|on|off&#8221; _builder_version=&#8221;4.16&#8243; background_color=&#8221;#f4f4f4&#8243; width=&#8221;120%&#8221; custom_margin=&#8221;|||-90px|false|false&#8221; custom_padding=&#8221;20px|20px||20px|false|true&#8221; global_colors_info=&#8221;{}&#8221;][\/et_pb_sidebar][et_pb_blurb title=&#8221;Kontakt&#8221; use_icon=&#8221;on&#8221; font_icon=&#8221;&#xe010;||divi||400&#8243; icon_color=&#8221;#009ee0&#8243; image_icon_width=&#8221;48px&#8221; icon_alignment=&#8221;left&#8221; disabled_on=&#8221;on|on|off&#8221; _builder_version=&#8221;4.17.6&#8243; header_font=&#8221;Open Sans Reg|||on|||||&#8221; header_font_size=&#8221;17px&#8221; header_letter_spacing=&#8221;2px&#8221; header_line_height=&#8221;1.5em&#8221; body_font=&#8221;||||||||&#8221; body_font_size=&#8221;13px&#8221; body_link_text_color=&#8221;#5b5b5b&#8221; background_color=&#8221;#f4f4f4&#8243; width=&#8221;120%&#8221; custom_margin=&#8221;|||-90px|false|false&#8221; custom_padding=&#8221;20px|20px|20px|20px|false|false&#8221; icon_font_size=&#8221;48px&#8221; global_colors_info=&#8221;{}&#8221;]<\/p>\n<p><span><br \/>\n  <strong>Biuro projektowe Merkin &amp; V\u00f6lker GmbH<br \/><\/strong><br \/>\n<\/span><span>Sch\u00e4ufeleinstra\u00dfe 5<\/span><br \/><span>80687 Monachium<\/span><\/p>\n<p><span>Tel: +49 (0)89 599 76 46-0<br \/><\/span><span>Mail: <a href=\"mailto:info@schaefer-merkin.com\">info@merkin-voelker.com<\/a><\/span><\/p>\n<p>Do <a href=\"https:\/\/www.merkin-voelker.com\/pl\/kontakt\/?lang=pl\">formularza kontaktowego<\/a><\/p>\n<p>[\/et_pb_blurb][\/et_pb_column][et_pb_column type=&#8221;3_4&#8243; specialty_columns=&#8221;3&#8243; _builder_version=&#8221;4.16&#8243; custom_padding=&#8221;|||&#8221; global_colors_info=&#8221;{}&#8221; custom_padding__hover=&#8221;|||&#8221;][et_pb_row_inner _builder_version=&#8221;4.16&#8243; width=&#8221;110%&#8221; width_tablet=&#8221;90%&#8221; width_phone=&#8221;100%&#8221; width_last_edited=&#8221;on|phone&#8221; max_width_tablet=&#8221;100%&#8221; max_width_phone=&#8221;&#8221; max_width_last_edited=&#8221;on|tablet&#8221; custom_margin_tablet=&#8221;&#8221; custom_margin_phone=&#8221;-50px||||false|false&#8221; custom_margin_last_edited=&#8221;on|phone&#8221; custom_padding=&#8221;||15px|||&#8221; global_colors_info=&#8221;{}&#8221;][et_pb_column_inner saved_specialty_column_type=&#8221;3_4&#8243; _builder_version=&#8221;4.16&#8243; global_colors_info=&#8221;{}&#8221;][et_pb_text content_phone=&#8221;<\/p>\n<h2>Gospodarka wodna w miastach\/odwadnianie miast<\/h2>\n<p>&#8221; content_last_edited=&#8221;off|phone&#8221; _builder_version=&#8221;4.16&#8243; header_2_font=&#8221;Open Sans bold||||||||&#8221; header_2_text_color=&#8221;#565656&#8243; header_2_font_size=&#8221;58px&#8221; header_2_letter_spacing=&#8221;-1px&#8221; header_2_line_height=&#8221;1.2em&#8221; custom_margin=&#8221;||13px|||&#8221; header_2_font_size_tablet=&#8221;40px&#8221; header_2_font_size_phone=&#8221;27px&#8221; header_2_font_size_last_edited=&#8221;on|tablet&#8221; global_colors_info=&#8221;{}&#8221;]<\/p>\n<h2>In\u017cynieria wodna<\/h2>\n<p>[\/et_pb_text][et_pb_divider color=&#8221;#009ee0&#8243; divider_weight=&#8221;7px&#8221; _builder_version=&#8221;4.16&#8243; width=&#8221;18%&#8221; module_alignment=&#8221;left&#8221; custom_padding=&#8221;10px||10px||true|false&#8221; global_colors_info=&#8221;{}&#8221;][\/et_pb_divider][\/et_pb_column_inner][\/et_pb_row_inner][et_pb_row_inner _builder_version=&#8221;4.16&#8243; width=&#8221;110%&#8221; width_tablet=&#8221;90%&#8221; width_phone=&#8221;100%&#8221; width_last_edited=&#8221;on|phone&#8221; max_width_tablet=&#8221;100%&#8221; max_width_phone=&#8221;&#8221; max_width_last_edited=&#8221;on|tablet&#8221; custom_padding=&#8221;2px|||||&#8221; global_colors_info=&#8221;{}&#8221;][et_pb_column_inner saved_specialty_column_type=&#8221;3_4&#8243; _builder_version=&#8221;4.16&#8243; global_colors_info=&#8221;{}&#8221;][et_pb_text _builder_version=&#8221;4.16&#8243; text_font=&#8221;Open Sans Reg||||||||&#8221; text_text_color=&#8221;#7c7c7c&#8221; text_font_size=&#8221;15px&#8221; text_line_height=&#8221;2em&#8221; link_text_color=&#8221;#7c7c7c&#8221; header_2_font=&#8221;Open Sans Semi Bold||||||||&#8221; header_2_text_color=&#8221;#6d6d6d&#8221; header_2_font_size=&#8221;33px&#8221; header_2_line_height=&#8221;1.5em&#8221; header_3_font=&#8221;Open Sans Semi Bold||||||||&#8221; header_3_text_color=&#8221;#6d6d6d&#8221; header_3_line_height=&#8221;1.5em&#8221; header_2_font_size_tablet=&#8221;29px&#8221; header_2_font_size_phone=&#8221;23px&#8221; header_2_font_size_last_edited=&#8221;on|tablet&#8221; header_2_line_height_tablet=&#8221;&#8221; header_2_line_height_phone=&#8221;1.3em&#8221; header_2_line_height_last_edited=&#8221;on|phone&#8221; header_3_font_size_tablet=&#8221;&#8221; header_3_font_size_phone=&#8221;20px&#8221; header_3_font_size_last_edited=&#8221;on|phone&#8221; global_colors_info=&#8221;{}&#8221;]<\/p>\n<h2>Zarz\u0105dzanie intensywnymi opadami deszczu &#8211; Powodzie b\u0142yskawiczne w miastach<\/h2>\n<p>Nasze biuro partnerskie &#8211; Ingenieurb\u00fcro V\u00f6lker &#8211; odpowiada za g\u0142\u00f3wny temat, jakim jest hydraulika. Aby chroni\u0107 Pa\u0144stwa gmin\u0119, nasze biuro in\u017cynierskie tworzy koncepcje powodzi b\u0142yskawicznych na wypadek du\u017cych opad\u00f3w. Skupia si\u0119 na wodach sp\u0142ywu powierzchniowego i ma\u0142ych strumieniach. Przy pomocy najnowocze\u015bniejszego oprogramowania do modelowania hydraulicznego nasze biuro in\u017cynierskie tworzy mapy zagro\u017cenia opadami ci\u0119\u017ckimi na podstawie oblicze\u0144 sp\u0142ywu powierzchniowego 2D i opracowuje integralne koncepcje zarz\u0105dzania ryzykiem. Obecnie przygotowanie koncepcji flash flood jest finansowane w ramach RZWas 2021 (patrz poni\u017cej).<\/p>\n<p>Planowanie i przygotowanie koncepcji powodzi b\u0142yskawicznych, pierwszego kroku w kierunku ochrony przed miejskimi powodziami b\u0142yskawicznymi, jest realizowane przez nasz wykwalifikowany personel specjalistyczny. Nasze biuro in\u017cynierskie opiera si\u0119 na zaanga\u017cowanym zespole posiadaj\u0105cym szerok\u0105 wiedz\u0119 z zakresu in\u017cynierii hydraulicznej i gospodarki wodnej w miastach. Ponadto mo\u017cemy korzysta\u0107 z szerokiej zewn\u0119trznej sieci ekspert\u00f3w ds. powodzi, kt\u00f3rzy wspieraj\u0105 nas w specjalnym planowaniu w odniesieniu do powodzi b\u0142yskawicznych.<\/p>\n<p>&nbsp;<\/p>\n<p>Przy opracowywaniu koncepcji powodzi b\u0142yskawicznej nasze biuro in\u017cynierskie przeprowadza najpierw obszern\u0105 analiz\u0119 inwentaryzacyjn\u0105 z inspekcj\u0105 na miejscu i ocenia udokumentowane zdarzenia szkodowe. Za pomoc\u0105 analizy topograficznej identyfikujemy z wyprzedzeniem obszary neuralgiczne i przenosimy istotne dla sp\u0142ywu struktury, takie jak rowy melioracyjne, profile dr\u00f3g czy budynki, do zbli\u017conego do siebie cyfrowego modelu terenu.<\/p>\n<p>Na podstawie przetworzonego modelu terenu tworzymy hydrauliczne obliczenia 2D &#8211; modelowe w celu identyfikacji mo\u017cliwych obszar\u00f3w zalewowych i zagro\u017conych. Nasze biuro in\u017cynierskie udost\u0119pnia naszym klientom wyniki symulacji w postaci map zagro\u017cenia deszczem nawalnym dla zdarze\u0144 deszczowych o rocznej cz\u0119sto\u015bci wyst\u0119powania do 1000 lat. Przy tym najwy\u017csz\u0105 warto\u015b\u0107 przyk\u0142adamy do szczeg\u00f3\u0142owego odwzorowania rzeczywisto\u015bci. Tylko w ten spos\u00f3b mo\u017cna osi\u0105gn\u0105\u0107 wa\u017cne wyniki i wyprowadzi\u0107 w\u0142a\u015bciwe \u015brodki.<\/p>\n<p>Wyb\u00f3r \u015brodk\u00f3w ochrony przed miejskimi powodziami b\u0142yskawicznymi opiera si\u0119 na obliczonych g\u0142\u0119boko\u015bciach zalewu w poszczeg\u00f3lnych scenariuszach. Koncepcje zarz\u0105dzania ryzykiem zawieraj\u0105 r\u00f3\u017cne \u015brodki z nast\u0119puj\u0105cych obszar\u00f3w: retencja naturalna, techniczna ochrona przeciwpowodziowa, ochrona obiekt\u00f3w, systemy pomiarowo-ostrzegawcze i informacja obywatelska. \u015arodki dobierane s\u0105 indywidualnie i dostosowane do potrzeb klienta. W celu realizacji dzia\u0142a\u0144 sporz\u0105dza si\u0119 koncepcje realizacji i kontroli oraz organizuje si\u0119 np. spotkania obywatelskie, na kt\u00f3rych informuje si\u0119 mieszka\u0144c\u00f3w dotkni\u0119tych problemem.<\/p>\n<p>&nbsp;<\/p>\n<p><strong>W tym kontek\u015bcie chcieliby\u015bmy zwr\u00f3ci\u0107 uwag\u0119 na nast\u0119puj\u0105c\u0105 promocj\u0119:<\/strong><\/p>\n<p>Obecnie Wolny Kraj Zwi\u0105zkowy Bawaria finansuje przygotowanie koncepcji retencji lub powodzi b\u0142yskawicznej w wysoko\u015bci 75% koszt\u00f3w planowania poprzez dyrektyw\u0119 o dotacjach na projekty gospodarki wodnej 2021 (w skr\u00f3cie RZWas 2021).<\/p>\n<p>W kontek\u015bcie zmian klimatu powodzie b\u0142yskawiczne w miastach b\u0119d\u0105 prawdopodobnie coraz cz\u0119stsze. Bardzo ch\u0119tnie doradzimy Pa\u0144stwu w kwestii koncepcji i procedury. Nasze biuro in\u017cynierskie ch\u0119tnie przedstawi Pa\u0144stwu r\u00f3wnie\u017c kr\u00f3tk\u0105 prezentacj\u0119 na temat problemu powodzi b\u0142yskawicznych i om\u00f3wi mo\u017cliwe rozwi\u0105zania.<\/p>\n<p>&nbsp;<\/p>\n<h2>Renaturyzacja zbiornik\u00f3w wodnych<\/h2>\n<p>Zgodnie z Ramow\u0105 Dyrektyw\u0105 Wodn\u0105 UE, celem dzisiejszych instalacji hydrotechnicznych jest osi\u0105gni\u0119cie dobrego stanu ekologicznego lub dobrego potencja\u0142u ekologicznego naszych zbiornik\u00f3w wodnych. Bliskie naturze zagospodarowanie w\u00f3d p\u0142yn\u0105cych czy dekonstrukcja stabilizacji dna i brzeg\u00f3w mo\u017ce by\u0107 rozumiana jako symbioza nauk in\u017cynierskich i ekologii. G\u0142\u00f3wnym za\u0142o\u017ceniem jest optymalizacja i wykorzystanie naturalnej dynamiki w\u00f3d p\u0142yn\u0105cych i jezior, a jednocze\u015bnie reintrodukcja pierwotnych gatunk\u00f3w zwierz\u0105t i ro\u015blin. Nienaruszone wody p\u0142yn\u0105ce to z\u0142o\u017cone ekosystemy, kt\u00f3re stanowi\u0105 dla nas wa\u017cn\u0105 podstaw\u0119 \u017cycia. <a href=\"\/\">Biuro in\u017cynierskie dla Norymbergi i Weissenburga<\/a> jest pierwszym punktem kontaktowym w sprawie renaturyzacji zbiornik\u00f3w wodnych. Zapraszamy do kontaktu z nami.<\/p>\n<p>[\/et_pb_text][\/et_pb_column_inner][\/et_pb_row_inner][et_pb_row_inner column_structure=&#8221;1_2,1_2&#8243; use_custom_gutter=&#8221;on&#8221; gutter_width=&#8221;2&#8243; custom_padding_last_edited=&#8221;on|tablet&#8221; module_class=&#8221;tablet-two-cols&#8221; _builder_version=&#8221;4.16&#8243; width=&#8221;110%&#8221; width_tablet=&#8221;90%&#8221; width_phone=&#8221;100%&#8221; width_last_edited=&#8221;on|phone&#8221; max_width_tablet=&#8221;100%&#8221; max_width_phone=&#8221;&#8221; max_width_last_edited=&#8221;on|tablet&#8221; custom_margin_tablet=&#8221;||0px||false|false&#8221; custom_margin_phone=&#8221;&#8221; custom_margin_last_edited=&#8221;on|tablet&#8221; custom_padding_tablet=&#8221;||0px||false|false&#8221; custom_padding_phone=&#8221;||20px||false|false&#8221; global_colors_info=&#8221;{}&#8221;][et_pb_column_inner type=&#8221;1_2&#8243; saved_specialty_column_type=&#8221;3_4&#8243; _builder_version=&#8221;4.16&#8243; global_colors_info=&#8221;{}&#8221;][et_pb_image src=&#8221;https:\/\/www.merkin-voelker.com\/wp-content\/uploads\/2020\/06\/Wasserbau-1.jpg&#8221; alt=&#8221;In\u017cynieria wodna&#8221; title_text=&#8221;In\u017cynieria wodna&#8221; _builder_version=&#8221;4.16&#8243; global_colors_info=&#8221;{}&#8221;][\/et_pb_image][\/et_pb_column_inner][et_pb_column_inner type=&#8221;1_2&#8243; saved_specialty_column_type=&#8221;3_4&#8243; _builder_version=&#8221;4.16&#8243; global_colors_info=&#8221;{}&#8221;][et_pb_image src=&#8221;https:\/\/www.merkin-voelker.com\/wp-content\/uploads\/2020\/06\/Ingenieurb\u00fcro-Wasserbau.jpg&#8221; alt=&#8221;Biuro in\u017cynierii wodnej&#8221; title_text=&#8221;Biuro in\u017cynierii wodnej&#8221; _builder_version=&#8221;4.16&#8243; global_colors_info=&#8221;{}&#8221;][\/et_pb_image][\/et_pb_column_inner][\/et_pb_row_inner][\/et_pb_column][\/et_pb_section]<\/p>\n","protected":false},"excerpt":{"rendered":"<p>In\u017cynieria wodna Biuro projektowe Merkin &amp; V\u00f6lker GmbH Sch\u00e4ufeleinstra\u00dfe 580687 Monachium Tel: +49 (0)89 599 76 46-0Mail: info@merkin-voelker.com Do formularza kontaktowegoIn\u017cynieria wodnaZarz\u0105dzanie intensywnymi opadami deszczu &#8211; Powodzie b\u0142yskawiczne w miastach Nasze biuro partnerskie &#8211; Ingenieurb\u00fcro V\u00f6lker &#8211; odpowiada za g\u0142\u00f3wny temat, jakim jest hydraulika. Aby chroni\u0107 Pa\u0144stwa gmin\u0119, nasze biuro in\u017cynierskie tworzy koncepcje powodzi b\u0142yskawicznych na wypadek du\u017cych opad\u00f3w. Skupia si\u0119 na wodach sp\u0142ywu powierzchniowego i ma\u0142ych strumieniach. Przy pomocy najnowocze\u015bniejszego oprogramowania do modelowania hydraulicznego nasze biuro in\u017cynierskie tworzy mapy zagro\u017cenia opadami ci\u0119\u017ckimi na podstawie oblicze\u0144 sp\u0142ywu powierzchniowego 2D i opracowuje integralne koncepcje zarz\u0105dzania ryzykiem. Obecnie przygotowanie koncepcji flash flood jest finansowane w ramach RZWas 2021 (patrz poni\u017cej). Planowanie i przygotowanie koncepcji powodzi b\u0142yskawicznych, pierwszego kroku w kierunku ochrony przed miejskimi powodziami b\u0142yskawicznymi, jest realizowane przez nasz wykwalifikowany personel specjalistyczny. Nasze biuro in\u017cynierskie opiera si\u0119 na zaanga\u017cowanym zespole posiadaj\u0105cym szerok\u0105 wiedz\u0119 z zakresu in\u017cynierii hydraulicznej i gospodarki wodnej w miastach. Ponadto mo\u017cemy korzysta\u0107 z szerokiej zewn\u0119trznej sieci ekspert\u00f3w ds. powodzi, kt\u00f3rzy wspieraj\u0105 nas w specjalnym planowaniu w odniesieniu do powodzi b\u0142yskawicznych. &nbsp; Przy opracowywaniu koncepcji powodzi b\u0142yskawicznej nasze biuro in\u017cynierskie przeprowadza najpierw obszern\u0105 analiz\u0119 inwentaryzacyjn\u0105 z inspekcj\u0105 na miejscu i ocenia udokumentowane zdarzenia szkodowe. Za pomoc\u0105 analizy topograficznej identyfikujemy z [&hellip;]<\/p>\n","protected":false},"author":1,"featured_media":0,"parent":271146,"menu_order":0,"comment_status":"closed","ping_status":"closed","template":"","meta":{"_et_pb_use_builder":"on","_et_pb_old_content":"<!-- wp:divi\/placeholder \/-->","_et_gb_content_width":"","footnotes":""},"class_list":["post-271149","page","type-page","status-publish","hentry"],"_links":{"self":[{"href":"https:\/\/www.merkin-voelker.com\/pl\/wp-json\/wp\/v2\/pages\/271149","targetHints":{"allow":["GET"]}}],"collection":[{"href":"https:\/\/www.merkin-voelker.com\/pl\/wp-json\/wp\/v2\/pages"}],"about":[{"href":"https:\/\/www.merkin-voelker.com\/pl\/wp-json\/wp\/v2\/types\/page"}],"author":[{"embeddable":true,"href":"https:\/\/www.merkin-voelker.com\/pl\/wp-json\/wp\/v2\/users\/1"}],"replies":[{"embeddable":true,"href":"https:\/\/www.merkin-voelker.com\/pl\/wp-json\/wp\/v2\/comments?post=271149"}],"version-history":[{"count":0,"href":"https:\/\/www.merkin-voelker.com\/pl\/wp-json\/wp\/v2\/pages\/271149\/revisions"}],"up":[{"embeddable":true,"href":"https:\/\/www.merkin-voelker.com\/pl\/wp-json\/wp\/v2\/pages\/271146"}],"wp:attachment":[{"href":"https:\/\/www.merkin-voelker.com\/pl\/wp-json\/wp\/v2\/media?parent=271149"}],"curies":[{"name":"wp","href":"https:\/\/api.w.org\/{rel}","templated":true}]}}