{"id":271088,"date":"2023-03-10T11:13:53","date_gmt":"2023-03-10T10:13:53","guid":{"rendered":"https:\/\/merkin-voelker.com\/nowa-budowa-i-rozbudowa-kliniki-rhoen-klinik-w-bad-neustadt\/"},"modified":"2023-03-10T11:13:54","modified_gmt":"2023-03-10T10:13:54","slug":"nowa-budowa-i-rozbudowa-kliniki-rhoen-klinik-w-bad-neustadt","status":"publish","type":"page","link":"https:\/\/www.merkin-voelker.com\/pl\/referencje\/inzynieria-budowlana\/nowa-budowa-i-rozbudowa-kliniki-rhoen-klinik-w-bad-neustadt\/","title":{"rendered":"Nowa budowa i rozbudowa kliniki Rh\u00f6n-Klinik w Bad Neustadt"},"content":{"rendered":"\n[et_pb_section fb_built=&#8221;1&#8243; custom_padding_last_edited=&#8221;on|phone&#8221; module_class=&#8221;leistungen-overlay dtb-mobile-parallax&#8221; _builder_version=&#8221;4.19.5&#8243; background_image=&#8221;https:\/\/www.merkin-voelker.com\/wp-content\/uploads\/2023\/02\/RHOEN-KLINIKUM_Campus_Bad_Neustadt_ZaM__c__RHOEN-KLINIKUM_AG-scaled.jpg&#8221; parallax=&#8221;on&#8221; parallax_method=&#8221;off&#8221; custom_padding=&#8221;100px||90px||false|false&#8221; custom_padding_tablet=&#8221;80px||80px||false|false&#8221; custom_padding_phone=&#8221;60px||60px||true|false&#8221; hover_enabled=&#8221;0&#8243; background_last_edited=&#8221;on|tablet&#8221; parallax_method_tablet=&#8221;on&#8221; global_colors_info=&#8221;{}&#8221; title_text=&#8221;RHOEN-KLINIKUM_Campus_Bad_Neustadt_ZaM__c__RHOEN-KLINIKUM_AG&#8221; sticky_enabled=&#8221;0&#8243;][et_pb_row use_custom_gutter=&#8221;on&#8221; gutter_width=&#8221;2&#8243; _builder_version=&#8221;4.16&#8243; width_tablet=&#8221;90%&#8221; width_phone=&#8221;&#8221; width_last_edited=&#8221;on|tablet&#8221; max_width=&#8221;1280px&#8221; global_colors_info=&#8221;{}&#8221;][et_pb_column type=&#8221;4_4&#8243; _builder_version=&#8221;4.16&#8243; global_colors_info=&#8221;{}&#8221;][et_pb_text content_phone=&#8221;<h1>Studium przypadku &#8211; Odnowienie ruroci\u0105gu wody transportowej<\/h1>\n&#8221; content_last_edited=&#8221;off|desktop&#8221; _builder_version=&#8221;4.19.5&#8243; text_font_size=&#8221;15px&#8221; text_line_height=&#8221;2em&#8221; header_font=&#8221;Open Sans Reg|||on|||||&#8221; header_text_color=&#8221;#ffffff&#8221; header_font_size=&#8221;36px&#8221; header_line_height=&#8221;1.4em&#8221; header_2_font=&#8221;Open Sans Semi Bold||||||||&#8221; header_2_text_color=&#8221;#626061&#8243; header_2_font_size=&#8221;30px&#8221; header_2_line_height=&#8221;1.4em&#8221; custom_margin=&#8221;||4px|||&#8221; animation_direction=&#8221;top&#8221; header_font_size_tablet=&#8221;&#8221; header_font_size_phone=&#8221;27px&#8221; header_font_size_last_edited=&#8221;on|phone&#8221; header_line_height_tablet=&#8221;&#8221; header_line_height_phone=&#8221;1.4em&#8221; header_line_height_last_edited=&#8221;on|phone&#8221; header_2_font_size_tablet=&#8221;&#8221; header_2_font_size_phone=&#8221;27px&#8221; header_2_font_size_last_edited=&#8221;on|phone&#8221; global_colors_info=&#8221;{}&#8221;]<h1>Nowa budowa \/ rozbudowa kliniki Rh\u00f6n-Klinik  <\/h1>[\/et_pb_text][et_pb_divider color=&#8221;#009ee0&#8243; divider_position=&#8221;center&#8221; divider_weight=&#8221;6px&#8221; _builder_version=&#8221;4.16&#8243; width=&#8221;90px&#8221; animation_style=&#8221;slide&#8221; animation_direction=&#8221;bottom&#8221; animation_duration=&#8221;2000ms&#8221; animation_delay=&#8221;550ms&#8221; global_colors_info=&#8221;{}&#8221;][\/et_pb_divider][dipi_breadcrumbs bc_custom_home=&#8221;on&#8221; bc_home_text=&#8221;Home&#8221; bc_home_url=&#8221;\/&#8221; bc_home_icon=&#8221;off&#8221; bc_separator=&#8221;symbol&#8221; bc_separator_sysmbol=&#8221;\/&#8221; bc_schema=&#8221;on&#8221; bc_separator_color=&#8221;#d3d3d3&#8243; _builder_version=&#8221;4.19.5&#8243; _module_preset=&#8221;default&#8221; items_text_color=&#8221;#d3d3d3&#8243; items_font_size=&#8221;13px&#8221; items_line_height=&#8221;1.1em&#8221; items_font_size_tablet=&#8221;13px&#8221; items_font_size_phone=&#8221;12px&#8221; items_font_size_last_edited=&#8221;on|phone&#8221; global_colors_info=&#8221;{}&#8221;][\/dipi_breadcrumbs][\/et_pb_column][\/et_pb_row][\/et_pb_section][et_pb_section fb_built=&#8221;1&#8243; _builder_version=&#8221;4.16&#8243; background_color=&#8221;#f4f4f4&#8243; custom_padding=&#8221;||88px|||&#8221; global_colors_info=&#8221;{}&#8221;][et_pb_row column_structure=&#8221;1_2,1_2&#8243; use_custom_gutter=&#8221;on&#8221; _builder_version=&#8221;4.19.5&#8243; width_tablet=&#8221;90%&#8221; width_phone=&#8221;&#8221; width_last_edited=&#8221;on|tablet&#8221; max_width=&#8221;1280px&#8221; custom_margin=&#8221;0px||||false|false&#8221; custom_padding=&#8221;||1px|||&#8221; global_colors_info=&#8221;{}&#8221;][et_pb_column type=&#8221;1_2&#8243; _builder_version=&#8221;4.16&#8243; global_colors_info=&#8221;{}&#8221;][et_pb_text _builder_version=&#8221;4.19.5&#8243; text_font_size=&#8221;15px&#8221; text_line_height=&#8221;2em&#8221; header_2_font=&#8221;Open Sans Semi Bold||||||||&#8221; header_2_text_color=&#8221;#626061&#8243; header_2_font_size=&#8221;30px&#8221; header_2_line_height=&#8221;1.4em&#8221; custom_margin=&#8221;||4px|||&#8221; header_2_font_size_tablet=&#8221;&#8221; header_2_font_size_phone=&#8221;27px&#8221; header_2_font_size_last_edited=&#8221;on|phone&#8221; global_colors_info=&#8221;{}&#8221;]<h2 style=\"text-align: left\">Wyci\u0105g z referencji budownictwo<\/h2>[\/et_pb_text][et_pb_divider color=&#8221;#009ee0&#8243; divider_position=&#8221;center&#8221; divider_weight=&#8221;2px&#8221; _builder_version=&#8221;4.19.5&#8243; width=&#8221;90px&#8221; module_alignment=&#8221;left&#8221; custom_margin=&#8221;15px||25px||false|false&#8221; custom_margin_tablet=&#8221;||0px||false|false&#8221; custom_margin_phone=&#8221;||0px||false|false&#8221; custom_margin_last_edited=&#8221;on|phone&#8221; animation_style=&#8221;slide&#8221; animation_direction=&#8221;bottom&#8221; animation_duration=&#8221;2000ms&#8221; animation_delay=&#8221;550ms&#8221; global_colors_info=&#8221;{}&#8221;][\/et_pb_divider][\/et_pb_column][et_pb_column type=&#8221;1_2&#8243; _builder_version=&#8221;4.16&#8243; global_colors_info=&#8221;{}&#8221;][\/et_pb_column][\/et_pb_row][et_pb_row column_structure=&#8221;1_2,1_2&#8243; use_custom_gutter=&#8221;on&#8221; _builder_version=&#8221;4.19.5&#8243; width_tablet=&#8221;90%&#8221; width_phone=&#8221;&#8221; width_last_edited=&#8221;on|tablet&#8221; max_width=&#8221;1280px&#8221; custom_margin=&#8221;0px||||false|false&#8221; custom_padding=&#8221;4px|||||&#8221; global_colors_info=&#8221;{}&#8221;][et_pb_column type=&#8221;1_2&#8243; _builder_version=&#8221;4.16&#8243; global_colors_info=&#8221;{}&#8221;][et_pb_text _builder_version=&#8221;4.19.5&#8243; _module_preset=&#8221;default&#8221; text_font=&#8221;Open Sans Reg||||||||&#8221; text_text_color=&#8221;#7c7c7c&#8221; text_font_size=&#8221;15px&#8221; text_line_height=&#8221;2em&#8221; header_2_font=&#8221;Open Sans Semi Bold||||||||&#8221; header_2_text_color=&#8221;#6d6d6d&#8221; header_2_font_size=&#8221;33px&#8221; header_2_line_height=&#8221;1.5em&#8221; header_3_font=&#8221;Open Sans Semi Bold||||||||&#8221; header_3_text_color=&#8221;#6d6d6d&#8221; header_3_line_height=&#8221;1.5em&#8221; header_2_font_size_tablet=&#8221;29px&#8221; header_2_font_size_phone=&#8221;23px&#8221; header_2_font_size_last_edited=&#8221;on|tablet&#8221; header_2_line_height_tablet=&#8221;1.5em&#8221; header_2_line_height_phone=&#8221;1.3em&#8221; header_2_line_height_last_edited=&#8221;on|phone&#8221; header_3_font_size_tablet=&#8221;&#8221; header_3_font_size_phone=&#8221;20px&#8221; header_3_font_size_last_edited=&#8221;on|phone&#8221; global_colors_info=&#8221;{}&#8221;]<p><strong>Opis projektu<\/strong><\/p>\n<p>Nowa budowa 6-kondygnacyjnego zespo\u0142u budynk\u00f3w (szpital) w konstrukcji \u017celbetowej, sk\u0142adaj\u0105cego si\u0119 z 5 budynk\u00f3w, wysoko\u015b\u0107 ok. 25m; ok. 280 000m\u00b3 kubatury i ok. 70 000m\u00b2 powierzchni u\u017cytkowej brutto.<\/p>\n<p><strong>Us\u0142ugi<\/strong><br>Projektowanie, zatwierdzanie i planowanie wykonawcze Lph 2- 6 kompletnego zespo\u0142u budynk\u00f3w.<br>Obliczenia usztywnienia ca\u0142ego uk\u0142adu 3D.<\/p>[\/et_pb_text][\/et_pb_column][et_pb_column type=&#8221;1_2&#8243; _builder_version=&#8221;4.16&#8243; global_colors_info=&#8221;{}&#8221;][et_pb_image src=&#8221;https:\/\/www.merkin-voelker.com\/wp-content\/uploads\/2023\/02\/Auf-dem-Klinik-in-Bad-Neus-plan-der-Krankenhausbet-65182.jpeg&#8221; title_text=&#8221;On-the-Clinic-in-Bad-Neus-Plan-of-Hospital-Bet-65182&#8243; _builder_version=&#8221;4.19.5&#8243; _module_preset=&#8221;default&#8221; hover_enabled=&#8221;0&#8243; global_colors_info=&#8221;{}&#8221; sticky_enabled=&#8221;0&#8243;][\/et_pb_image][\/et_pb_column][\/et_pb_row][\/et_pb_section]\n","protected":false},"excerpt":{"rendered":"<p>Nowa budowa \/ rozbudowa kliniki Rh\u00f6n-Klinik <div class=\"et_pb_module dipi_breadcrumbs dipi_breadcrumbs_0\">\n\t\t\t\t\n\t\t\t\t\n\t\t\t\t\n\t\t\t\t\n\t\t\t\t\n\t\t\t\t\n\t\t\t\t<div class=\"et_pb_module_inner\">\n\t\t\t\t\t<div class=\"dipi-breadcrumbs dipi-bc-left\">\n                <ul itemscope itemtype=\"https:\/\/schema.org\/BreadcrumbList\">\n                    \n                                                        <li itemprop=\"itemListElement\" itemscope itemtype=\"https:\/\/schema.org\/ListItem\" class=\"dipi-breadcrumb-item dipi-breadcrumb-home\">\n\n                        \n                            <a itemprop=\"item\" href=\"\/\">\n                                <span itemprop=\"name\" content=\"Home\">\n                                                                        Home                                <\/span>\n                            <\/a>\n\n                                                <meta itemprop=\"position\" content=\"1\"\/>                    <\/li>\n\n                    <li class=\"dipi-breadcrumb-separator\">\n                    <span class=\"dipi-separator-symbol\">\/<\/span>\n                <\/li>                            \n                <\/ul>\n            <\/div>\n\t\t\t\t<\/div>\n\t\t\t<\/div>Wyci\u0105g z referencji budownictwoOpis projektu Nowa budowa 6-kondygnacyjnego zespo\u0142u budynk\u00f3w (szpital) w konstrukcji \u017celbetowej, sk\u0142adaj\u0105cego si\u0119 z 5 budynk\u00f3w, wysoko\u015b\u0107 ok. 25m; ok. 280 000m\u00b3 kubatury i ok. 70 000m\u00b2 powierzchni u\u017cytkowej brutto. Us\u0142ugiProjektowanie, zatwierdzanie i planowanie wykonawcze Lph 2- 6 kompletnego zespo\u0142u budynk\u00f3w.Obliczenia usztywnienia ca\u0142ego uk\u0142adu 3D.<\/p>\n","protected":false},"author":2,"featured_media":0,"parent":271184,"menu_order":0,"comment_status":"closed","ping_status":"closed","template":"","meta":{"_et_pb_use_builder":"on","_et_pb_old_content":"<!-- wp:divi\/placeholder \/-->","_et_gb_content_width":"","footnotes":""},"class_list":["post-271088","page","type-page","status-publish","hentry"],"_links":{"self":[{"href":"https:\/\/www.merkin-voelker.com\/pl\/wp-json\/wp\/v2\/pages\/271088","targetHints":{"allow":["GET"]}}],"collection":[{"href":"https:\/\/www.merkin-voelker.com\/pl\/wp-json\/wp\/v2\/pages"}],"about":[{"href":"https:\/\/www.merkin-voelker.com\/pl\/wp-json\/wp\/v2\/types\/page"}],"author":[{"embeddable":true,"href":"https:\/\/www.merkin-voelker.com\/pl\/wp-json\/wp\/v2\/users\/2"}],"replies":[{"embeddable":true,"href":"https:\/\/www.merkin-voelker.com\/pl\/wp-json\/wp\/v2\/comments?post=271088"}],"version-history":[{"count":0,"href":"https:\/\/www.merkin-voelker.com\/pl\/wp-json\/wp\/v2\/pages\/271088\/revisions"}],"up":[{"embeddable":true,"href":"https:\/\/www.merkin-voelker.com\/pl\/wp-json\/wp\/v2\/pages\/271184"}],"wp:attachment":[{"href":"https:\/\/www.merkin-voelker.com\/pl\/wp-json\/wp\/v2\/media?parent=271088"}],"curies":[{"name":"wp","href":"https:\/\/api.w.org\/{rel}","templated":true}]}}